{"id":361,"date":"2025-03-07T17:06:07","date_gmt":"2025-03-07T20:06:07","guid":{"rendered":"https:\/\/danieldasbaterias.com\/?post_type=product&#038;p=361"},"modified":"2026-02-15T21:50:04","modified_gmt":"2026-02-16T00:50:04","slug":"alumax-5l-vintex","status":"publish","type":"product","link":"https:\/\/danieldasbaterias.com\/?product=alumax-5l-vintex","title":{"rendered":"ALUMAX 5L &#8211; VINTEX"},"content":{"rendered":"<p>Alumax \u00e9 um desincrustante de car\u00e1ter \u00e1cido, desenvolvido para limpeza de rodas, chassis, motores, ba\u00fas de alum\u00ednio, carrocerias de inox e madeira. \u00c9 um produtos concentrado e econ\u00f4mico em seu uso, atuando na sujeira e retirando toda a camada superficial aderida.<\/p>\n<p>-Concentrado;<br \/>\n-Alto rendimento.<\/p>\n<p><b>Dilui\u00e7\u00e3o<\/b><br \/>\n1:10<br \/>\nObs: Dependendo da sujeira, pode-se diluir para mais ou para menos.<\/p>\n<p><b>Modo de usar:<\/b><br \/>\n1. Diluir o produto na concentra\u00e7\u00e3o indicada;<br \/>\n2. Aplicar em toda a superf\u00edcie a ser limpa, utilizando um pulverizador ou pistola resistente a produtos \u00e1cidos;<br \/>\n3. Aguardar de 1 a 2 minutos e em seguida retirar bem o excesso com jato d\u00b4\u00e1gua<\/p>\n","protected":false},"excerpt":{"rendered":"<p>LIMPEZA DE RODAS &#8211; CHASSI &#8211; MOTORES<\/p>\n","protected":false},"featured_media":362,"comment_status":"open","ping_status":"closed","template":"","meta":[],"product_brand":[27],"product_cat":[37],"product_tag":[],"class_list":{"0":"post-361","1":"product","2":"type-product","3":"status-publish","4":"has-post-thumbnail","6":"product_brand-vonixx","7":"product_cat-limpeza-externa-auto","9":"first","10":"instock","11":"taxable","12":"shipping-taxable","13":"purchasable","14":"product-type-simple"},"_links":{"self":[{"href":"https:\/\/danieldasbaterias.com\/index.php?rest_route=\/wp\/v2\/product\/361","targetHints":{"allow":["GET"]}}],"collection":[{"href":"https:\/\/danieldasbaterias.com\/index.php?rest_route=\/wp\/v2\/product"}],"about":[{"href":"https:\/\/danieldasbaterias.com\/index.php?rest_route=\/wp\/v2\/types\/product"}],"replies":[{"embeddable":true,"href":"https:\/\/danieldasbaterias.com\/index.php?rest_route=%2Fwp%2Fv2%2Fcomments&post=361"}],"wp:featuredmedia":[{"embeddable":true,"href":"https:\/\/danieldasbaterias.com\/index.php?rest_route=\/wp\/v2\/media\/362"}],"wp:attachment":[{"href":"https:\/\/danieldasbaterias.com\/index.php?rest_route=%2Fwp%2Fv2%2Fmedia&parent=361"}],"wp:term":[{"taxonomy":"product_brand","embeddable":true,"href":"https:\/\/danieldasbaterias.com\/index.php?rest_route=%2Fwp%2Fv2%2Fproduct_brand&post=361"},{"taxonomy":"product_cat","embeddable":true,"href":"https:\/\/danieldasbaterias.com\/index.php?rest_route=%2Fwp%2Fv2%2Fproduct_cat&post=361"},{"taxonomy":"product_tag","embeddable":true,"href":"https:\/\/danieldasbaterias.com\/index.php?rest_route=%2Fwp%2Fv2%2Fproduct_tag&post=361"}],"curies":[{"name":"wp","href":"https:\/\/api.w.org\/{rel}","templated":true}]}}