{"id":363,"date":"2025-03-07T17:10:35","date_gmt":"2025-03-07T20:10:35","guid":{"rendered":"https:\/\/danieldasbaterias.com\/?post_type=product&#038;p=363"},"modified":"2025-08-08T15:32:50","modified_gmt":"2025-08-08T18:32:50","slug":"bactran-15l-vonixx","status":"publish","type":"product","link":"https:\/\/danieldasbaterias.com\/?product=bactran-15l-vonixx","title":{"rendered":"BACTRAN 1,5L &#8211; VONIXX"},"content":{"rendered":"<p>Bactran \u00e9 um limpador bactericida ultra concentrado de alta performance e baixa espuma\u00e7\u00e3o, desenvolvido para limpeza profissional de estofados, carpetes e tapetes. Seu uso \u00e9 indicado com extratoras. Sua f\u00f3rmula cont\u00e9m tensoativos especiais que agem em sinergia com o per\u00f3xido de hidrog\u00eanio e remove facilmente os mais diversos tipo de sujeira, em especial manchas de sangue, suco, caf\u00e9 e bolores, al\u00e9m de eliminar fungos e bact\u00e9rias.<\/p>\n<p><b>7 em 1:<\/b><br \/>\n-Tira manchas;<br \/>\n-Limpa;<br \/>\n-Alveja<br \/>\n-Neutraliza o pH;<br \/>\n-Desinfeta mata at\u00e9 99,99% de bact\u00e9rias;<br \/>\n-Neutraliza odores;<br \/>\n-Elimina fungos.<\/p>\n<p><b>pH<\/b><br \/>\n\u00c1cido, conforme r\u00f3tulo.<\/p>\n<p><b>Dilui\u00e7\u00e3o<\/b><br \/>\nSujeira pesada: 1:10<br \/>\nSujeira m\u00e9dia: 1:30<br \/>\nSujeira leve: 1:60<br \/>\nA dilui\u00e7\u00e3o poder\u00e1 ser alterada para mais ou para menos a depender do resultado observado.<\/p>\n<p>Obs: Recomendamos spot teste para verificar a compatibilidade do produto com a superf\u00edcie.<\/p>\n<p><b>Uso recomendado<\/b><br \/>\nTecidos naturais e sint\u00e9ticos.<\/p>\n<p><b>Informa\u00e7\u00f5es adicionais<\/b><br \/>\nN\u00e3o utilizar este produto em vidro.<\/p>\n<p><b>Precau\u00e7\u00f5es<\/b><br \/>\nCuidado! Perigosa sua ingest\u00e3o. Evite contato prolongado com a pela.<br \/>\nLavar as m\u00e3os ap\u00f3s o uso. Conserve fora do alcance das crian\u00e7as e animais dom\u00e9sticos.<\/p>\n<p>-Passo 2 do sistema vsc<br \/>\n-Limpeza de estofados, carpetes e tapetes<\/p>\n<p><b>Modo de usar:<\/b><br \/>\nDiluir o produto na propor\u00e7\u00e3o ideal de acordo com o n\u00edvel de sujeira.<br \/>\n1. A depender do n\u00edvel de sujeira, diluir o produto na propor\u00e7\u00e3o que est\u00e1 no campo de dilui\u00e7\u00f5es.<br \/>\n2. Pulverizar uma fna n\u00e9voa do produto, mantendo dist\u00e2ncia entre 20cm a 30cm da superf\u00edcie, a fim de evitar encharcamento do estofado ou carpete.<br \/>\n3. Aguardar 5 minutos.<br \/>\n4. Utilizar escova macia e realizar a esfrega\u00e7\u00e3o para auxiliar no desprendimento da sujeira.<br \/>\n5. Realizar a extra\u00e7\u00e3o ou aspira\u00e7\u00e3o sem enx\u00e1gue.<br \/>\n6. Realizar uma segunda extra\u00e7\u00e3o, dessa vez com enx\u00e1gue.<\/p>\n<p>Obs: Para remo\u00e7\u00e3o de manchas localizadas, aplicar pequena quantidade do produto na dilui\u00e7\u00e3o 1:2 e aguardar pro 5 minutos antes de realizar a extra\u00e7\u00e3o. Recomendamos spot test para verificar a compatibilidade do produto com a superf\u00edcie. O produto tem fun\u00e7\u00e3o desinfetante na dilui\u00e7\u00e3o de 1:10, considerando tempo de a\u00e7\u00e3o de 10 minutos.<\/p>\n<p>&nbsp;<\/p>\n","protected":false},"excerpt":{"rendered":"<p>LIMPEZA DE ESTOFADOS &#8211; CARPESTES &#8211; ELIMINAR FUNGOS E BACTERIAS<\/p>\n","protected":false},"featured_media":364,"comment_status":"open","ping_status":"closed","template":"","meta":[],"product_brand":[27],"product_cat":[67,39],"product_tag":[],"class_list":{"0":"post-363","1":"product","2":"type-product","3":"status-publish","4":"has-post-thumbnail","6":"product_brand-vonixx","7":"product_cat-limpeza","8":"product_cat-limpeza-estofado-auto","10":"first","11":"instock","12":"taxable","13":"shipping-taxable","14":"purchasable","15":"product-type-simple"},"_links":{"self":[{"href":"https:\/\/danieldasbaterias.com\/index.php?rest_route=\/wp\/v2\/product\/363","targetHints":{"allow":["GET"]}}],"collection":[{"href":"https:\/\/danieldasbaterias.com\/index.php?rest_route=\/wp\/v2\/product"}],"about":[{"href":"https:\/\/danieldasbaterias.com\/index.php?rest_route=\/wp\/v2\/types\/product"}],"replies":[{"embeddable":true,"href":"https:\/\/danieldasbaterias.com\/index.php?rest_route=%2Fwp%2Fv2%2Fcomments&post=363"}],"wp:featuredmedia":[{"embeddable":true,"href":"https:\/\/danieldasbaterias.com\/index.php?rest_route=\/wp\/v2\/media\/364"}],"wp:attachment":[{"href":"https:\/\/danieldasbaterias.com\/index.php?rest_route=%2Fwp%2Fv2%2Fmedia&parent=363"}],"wp:term":[{"taxonomy":"product_brand","embeddable":true,"href":"https:\/\/danieldasbaterias.com\/index.php?rest_route=%2Fwp%2Fv2%2Fproduct_brand&post=363"},{"taxonomy":"product_cat","embeddable":true,"href":"https:\/\/danieldasbaterias.com\/index.php?rest_route=%2Fwp%2Fv2%2Fproduct_cat&post=363"},{"taxonomy":"product_tag","embeddable":true,"href":"https:\/\/danieldasbaterias.com\/index.php?rest_route=%2Fwp%2Fv2%2Fproduct_tag&post=363"}],"curies":[{"name":"wp","href":"https:\/\/api.w.org\/{rel}","templated":true}]}}