{"id":366,"date":"2025-03-11T15:10:38","date_gmt":"2025-03-11T18:10:38","guid":{"rendered":"https:\/\/danieldasbaterias.com\/?post_type=product&#038;p=366"},"modified":"2025-03-21T14:06:49","modified_gmt":"2025-03-21T17:06:49","slug":"blend-ceramic-carnauba-spray-wax-500ml","status":"publish","type":"product","link":"https:\/\/danieldasbaterias.com\/?product=blend-ceramic-carnauba-spray-wax-500ml","title":{"rendered":"BLEND CERAMIC &#038; CARNA\u00daBA SPRAY WAX 500ML &#8211; VONIXX"},"content":{"rendered":"<p>Blend Ceramic e Carna\u00faba Paste Wax \u00e9 uma cera h\u00edbrica composta por Sio2 e pela mais pura carna\u00faba tipo 1, protege a superf\u00edcie veicular por at\u00e9 sete meses. O produto promove a resist\u00eancia cer\u00e2mica, brilho quente da carna\u00faba e hidrorrepel\u00eancia.<\/p>\n<p><b>Dilui\u00e7\u00e3o<\/b><br \/>\nPronto uso<\/p>\n<p><b>Uso recomendado<\/b><br \/>\nPintura, superf\u00edcie cromada, black piano e rodas<\/p>\n<p><b>Durabilidade<\/b><br \/>\nAt\u00e9 quatro\u00a0meses de durabilidade<\/p>\n<p><b>Informa\u00e7\u00f5es Adicionais<\/b><br \/>\nO produto \u00e9 recomendado para ser usado principalmente na manuten\u00e7\u00e3o da aplica\u00e7\u00e3o da Blend Ceramic &amp; Carna\u00faba Spray Wax. Deve ser utilizada entre as lavagens, a fim de manter o brilho e a hirdrorrepl\u00eancia<\/p>\n<p>Pode ser usada em pintura fosca, vitrificada ou envelopada<br \/>\nN\u00e3o recomendamos o uso do produto em pl\u00e1sticos<\/p>\n<p><b>Precau\u00e7\u00f5es<\/b><br \/>\nCuidado! Perigosa sua ingest\u00e3o. Evite contato prolongado com a pele. Lavar as m\u00e3os ap\u00f3s o uso. Conserve fora do alcance das crian\u00e7as e animais dom\u00e9sticos.<br \/>\nLeia atentamente o r\u00f3tulo antes de utilizar o produto.<\/p>\n<p><b>Modo de usar<\/b><br \/>\n1. Agite bem o produto antes de usar<br \/>\n2. Ap\u00f3s lavar o ve\u00edculo, pulverize uma pequena quantidade do produto na pintura. Mantenha uma dist\u00e2ncia de 20cm em uma \u00e1rea n\u00e3o superior \u00e0 60cm x 60cm<br \/>\n3. Sem deixar secar, realize o acabamento utilizando toalha de microfibra limpa e seca, at\u00e9 obter o brilho desejado<br \/>\n4. Continue fazendo o processo at\u00e9 a conclus\u00e3o total do ve\u00edculo<br \/>\nobs: Em caso de manchas, aplicar novamente o produto<\/p>\n<p>&nbsp;<\/p>\n","protected":false},"excerpt":{"rendered":"<p>PINTURA &#8211; POLIMENTO<\/p>\n","protected":false},"featured_media":367,"comment_status":"open","ping_status":"closed","template":"","meta":[],"product_brand":[27],"product_cat":[36],"product_tag":[],"class_list":{"0":"post-366","1":"product","2":"type-product","3":"status-publish","4":"has-post-thumbnail","6":"product_brand-vonixx","7":"product_cat-cera-e-polimento","9":"first","10":"instock","11":"taxable","12":"shipping-taxable","13":"purchasable","14":"product-type-simple"},"_links":{"self":[{"href":"https:\/\/danieldasbaterias.com\/index.php?rest_route=\/wp\/v2\/product\/366","targetHints":{"allow":["GET"]}}],"collection":[{"href":"https:\/\/danieldasbaterias.com\/index.php?rest_route=\/wp\/v2\/product"}],"about":[{"href":"https:\/\/danieldasbaterias.com\/index.php?rest_route=\/wp\/v2\/types\/product"}],"replies":[{"embeddable":true,"href":"https:\/\/danieldasbaterias.com\/index.php?rest_route=%2Fwp%2Fv2%2Fcomments&post=366"}],"wp:featuredmedia":[{"embeddable":true,"href":"https:\/\/danieldasbaterias.com\/index.php?rest_route=\/wp\/v2\/media\/367"}],"wp:attachment":[{"href":"https:\/\/danieldasbaterias.com\/index.php?rest_route=%2Fwp%2Fv2%2Fmedia&parent=366"}],"wp:term":[{"taxonomy":"product_brand","embeddable":true,"href":"https:\/\/danieldasbaterias.com\/index.php?rest_route=%2Fwp%2Fv2%2Fproduct_brand&post=366"},{"taxonomy":"product_cat","embeddable":true,"href":"https:\/\/danieldasbaterias.com\/index.php?rest_route=%2Fwp%2Fv2%2Fproduct_cat&post=366"},{"taxonomy":"product_tag","embeddable":true,"href":"https:\/\/danieldasbaterias.com\/index.php?rest_route=%2Fwp%2Fv2%2Fproduct_tag&post=366"}],"curies":[{"name":"wp","href":"https:\/\/api.w.org\/{rel}","templated":true}]}}