{"id":369,"date":"2025-03-11T15:18:41","date_gmt":"2025-03-11T18:18:41","guid":{"rendered":"https:\/\/danieldasbaterias.com\/?post_type=product&#038;p=369"},"modified":"2025-03-19T16:27:48","modified_gmt":"2025-03-19T19:27:48","slug":"carnauba-hybrid-wax-240ml","status":"publish","type":"product","link":"https:\/\/danieldasbaterias.com\/?product=carnauba-hybrid-wax-240ml","title":{"rendered":"CARNAUBA HYBRID WAX 240ML"},"content":{"rendered":"<div class=\"title\">Descri\u00e7\u00e3o Geral<\/div>\n<div class=\"board_htm\">\n<p>Carna\u00faba Hybrid Wax \u00e9 uma cera desenvolvida com a mais pura carna\u00faba cearense e pol\u00edmeros de \u00faltima gera\u00e7\u00e3o, que protegem e d\u00e3o brilho por um longo per\u00eddo<\/p>\n<p><b>Dilui\u00e7\u00e3o<\/b><br \/>\nPronto uso<\/p>\n<p><b>Durabilidade<\/b><br \/>\nAt\u00e9 quatro meses de prote\u00e7\u00e3o na pintura do ve\u00edculo<\/p>\n<p><b>Informa\u00e7\u00f5es adicionais<\/b><br \/>\nCarna\u00faba Hybrid Wax pode ser aplicada em qualquer cor de pintura.<br \/>\nPara a sua manuten\u00e7\u00e3o, sugerimos o uso das ceras Carna\u00faba Tok Final, Blend Spray ou Native Spray.<br \/>\nN\u00e3o aplicar o produto em pl\u00e1sticos ou borrachas.<\/p>\n<p>-Brilho impec\u00e1vel<br \/>\n-Super prote\u00e7\u00e3o<br \/>\n-Rende at\u00e9 60 aplica\u00e7\u00f5es<\/p>\n<p><b>MODO DE USAR:<\/b><br \/>\n1. Aplicar o produto em pequena quantidade na pintura limpa e seca<br \/>\n2. Utilizar o aplicador incluso na embalagem e realizar a aplica\u00e7\u00e3o com movimentos uniformes<br \/>\n3. Aguardar entre 5 e 10 minutos e remover o produto utilizando toalha de microfibra at\u00e9 obter o brilho desejado.<\/p>\n<\/div>\n","protected":false},"excerpt":{"rendered":"<p>PINTURA &#8211; PROTE\u00c7\u00c3O<\/p>\n","protected":false},"featured_media":370,"comment_status":"open","ping_status":"closed","template":"","meta":[],"product_brand":[27],"product_cat":[36],"product_tag":[],"class_list":{"0":"post-369","1":"product","2":"type-product","3":"status-publish","4":"has-post-thumbnail","6":"product_brand-vonixx","7":"product_cat-cera-e-polimento","9":"first","10":"instock","11":"taxable","12":"shipping-taxable","13":"purchasable","14":"product-type-simple"},"_links":{"self":[{"href":"https:\/\/danieldasbaterias.com\/index.php?rest_route=\/wp\/v2\/product\/369","targetHints":{"allow":["GET"]}}],"collection":[{"href":"https:\/\/danieldasbaterias.com\/index.php?rest_route=\/wp\/v2\/product"}],"about":[{"href":"https:\/\/danieldasbaterias.com\/index.php?rest_route=\/wp\/v2\/types\/product"}],"replies":[{"embeddable":true,"href":"https:\/\/danieldasbaterias.com\/index.php?rest_route=%2Fwp%2Fv2%2Fcomments&post=369"}],"wp:featuredmedia":[{"embeddable":true,"href":"https:\/\/danieldasbaterias.com\/index.php?rest_route=\/wp\/v2\/media\/370"}],"wp:attachment":[{"href":"https:\/\/danieldasbaterias.com\/index.php?rest_route=%2Fwp%2Fv2%2Fmedia&parent=369"}],"wp:term":[{"taxonomy":"product_brand","embeddable":true,"href":"https:\/\/danieldasbaterias.com\/index.php?rest_route=%2Fwp%2Fv2%2Fproduct_brand&post=369"},{"taxonomy":"product_cat","embeddable":true,"href":"https:\/\/danieldasbaterias.com\/index.php?rest_route=%2Fwp%2Fv2%2Fproduct_cat&post=369"},{"taxonomy":"product_tag","embeddable":true,"href":"https:\/\/danieldasbaterias.com\/index.php?rest_route=%2Fwp%2Fv2%2Fproduct_tag&post=369"}],"curies":[{"name":"wp","href":"https:\/\/api.w.org\/{rel}","templated":true}]}}