{"id":373,"date":"2025-03-11T15:36:10","date_gmt":"2025-03-11T18:36:10","guid":{"rendered":"https:\/\/danieldasbaterias.com\/?post_type=product&#038;p=373"},"modified":"2025-03-25T15:14:44","modified_gmt":"2025-03-25T18:14:44","slug":"darker-500ml","status":"publish","type":"product","link":"https:\/\/danieldasbaterias.com\/?product=darker-500ml","title":{"rendered":"DARKER 500ML &#8211; VINTEX"},"content":{"rendered":"<p>Darker foi desenvolvido para renovar e dar brilho em pneus e borrachas em geral, especialmente em caminh\u00f5es. O produto forma um filme preto, s\u00f3lido, semi-flex\u00edvel e de alta resist\u00eancia, promovendo alta durabilidade.<\/p>\n<p>-Resist\u00eancia<br \/>\n-Alta durabilidade<br \/>\n-Filme 100% seco<br \/>\n-N\u00e3o gruda poeira<br \/>\n-F\u00e1cil de aplicar<br \/>\n-N\u00e3o ataca as borrachas por ser base d\u00e1gua<\/p>\n<p>Modo de uso:<br \/>\n1. Limpe e seque bem a superf\u00edcie<br \/>\n2. Agite bem o produto antes de usar<br \/>\n3. Com o aux\u00edlio de uma trincha ou pincel, aplique o produto uniformemente no pneu ou borracha em geral e aguarde secar por 30 minutos<br \/>\n4. Caso queiro mais brilho, uma segunda dem\u00e3o poder\u00e1 ser aplicada ap\u00f3s 30 minutos.<\/p>\n<p>Aten\u00e7\u00e3o! Produto pigmentado. Caso tenha contato com quaisquer outras superf\u00edcies, remova imediatamente com \u00e1gua em abund\u00e2ncia e o aux\u00edlio de um pincel de detalhamento externo.<\/p>\n","protected":false},"excerpt":{"rendered":"<p>RENOVA PNEUS &#8211; BRILHO &#8211; FILME PRETO<\/p>\n","protected":false},"featured_media":374,"comment_status":"open","ping_status":"closed","template":"","meta":[],"product_brand":[29],"product_cat":[44],"product_tag":[],"class_list":{"0":"post-373","1":"product","2":"type-product","3":"status-publish","4":"has-post-thumbnail","6":"product_brand-vintex","7":"product_cat-limpeza-pneus-vonixx","9":"first","10":"instock","11":"taxable","12":"shipping-taxable","13":"purchasable","14":"product-type-simple"},"_links":{"self":[{"href":"https:\/\/danieldasbaterias.com\/index.php?rest_route=\/wp\/v2\/product\/373","targetHints":{"allow":["GET"]}}],"collection":[{"href":"https:\/\/danieldasbaterias.com\/index.php?rest_route=\/wp\/v2\/product"}],"about":[{"href":"https:\/\/danieldasbaterias.com\/index.php?rest_route=\/wp\/v2\/types\/product"}],"replies":[{"embeddable":true,"href":"https:\/\/danieldasbaterias.com\/index.php?rest_route=%2Fwp%2Fv2%2Fcomments&post=373"}],"wp:featuredmedia":[{"embeddable":true,"href":"https:\/\/danieldasbaterias.com\/index.php?rest_route=\/wp\/v2\/media\/374"}],"wp:attachment":[{"href":"https:\/\/danieldasbaterias.com\/index.php?rest_route=%2Fwp%2Fv2%2Fmedia&parent=373"}],"wp:term":[{"taxonomy":"product_brand","embeddable":true,"href":"https:\/\/danieldasbaterias.com\/index.php?rest_route=%2Fwp%2Fv2%2Fproduct_brand&post=373"},{"taxonomy":"product_cat","embeddable":true,"href":"https:\/\/danieldasbaterias.com\/index.php?rest_route=%2Fwp%2Fv2%2Fproduct_cat&post=373"},{"taxonomy":"product_tag","embeddable":true,"href":"https:\/\/danieldasbaterias.com\/index.php?rest_route=%2Fwp%2Fv2%2Fproduct_tag&post=373"}],"curies":[{"name":"wp","href":"https:\/\/api.w.org\/{rel}","templated":true}]}}