{"id":377,"date":"2025-03-12T12:15:47","date_gmt":"2025-03-12T15:15:47","guid":{"rendered":"https:\/\/danieldasbaterias.com\/?post_type=product&#038;p=377"},"modified":"2025-03-21T14:56:31","modified_gmt":"2025-03-21T17:56:31","slug":"delet-5l-vonixx","status":"publish","type":"product","link":"https:\/\/danieldasbaterias.com\/?product=delet-5l-vonixx","title":{"rendered":"DELET 5L &#8211; VONIXX"},"content":{"rendered":"<p>Delet \u00e9 um limpador de alta performance, formulado exclusivamente para remover sujidade severa em pneus e borrachas, garantindo total limpeza, desenvolvendo originalidade e sem deixar aspecto acinzentado. Essa limpeza ajudar\u00e1 a melhorar a performance dos produtos para condicionar os pneus.<\/p>\n<p><b>Precau\u00e7\u00f5es<\/b><br \/>\nCuidado! Perigosa sua ingest\u00e3o. Pode provocar danos ao sistema respirat\u00f3rio por exposi\u00e7\u00e3o repetida ou prolongada. Conserve fora do alcance das crian\u00e7as e animais dom\u00e9sticos. Evite contato prolongado com a pele, Lavar as m\u00e3os ap\u00f3s o uso. Em caso de contato com os olhos, lavar com \u00e1gua corrente em abund\u00e2mcoa durante 15 minutos. Se inalado em excesso, remover a pessoa para local bem ventilado. Se ingerido, n\u00e3o provacar v\u00f4mito e consultar de imediato Centro de Intoxica\u00e7\u00f5es ou Servi\u00e7o de Sa\u00fade mais pr\u00f3ximo, portando a embalagem ou r\u00f3tulo do produto. Ceatox 0800 722 6001 manter o produto na embalagem original. Proteger o produto do sol e do calor. N\u00e3o reutilizar a embalagem vazia para outra finalidade.<\/p>\n<p><b>Modo de uso<\/b><br \/>\n1- Com o pneu ainda seco, pulverizar a espuma do produto em todo pneu.<br \/>\n2- Deixar o produto agir de 30 a 60 segundos, ou at\u00e9 observar uma mudan\u00e7a de colora\u00e7\u00e3o da espuma de branco para cinza, marrom ou preto. Essa mudan\u00e7a de colora\u00e7\u00e3o \u00e9 um indicador de presen\u00e7a de muita impregna\u00e7\u00e3o de sujeira.<br \/>\n3- Fazer a esfrega\u00e7\u00e3o por completo, utilize uma escova para limpeza de pneus.<br \/>\n4- Fazer o enx\u00e1gue com um jato d&#8217;\u00e1gua.<br \/>\n5- Se necess\u00e1rio repita a opera\u00e7\u00e3o.<\/p>\n","protected":false},"excerpt":{"rendered":"<p>LIMPEZA &#8211; PL\u00c1TICO &#8211; BORRACHA &#8211; PNEU<\/p>\n","protected":false},"featured_media":378,"comment_status":"open","ping_status":"closed","template":"","meta":[],"product_brand":[27],"product_cat":[44],"product_tag":[],"class_list":{"0":"post-377","1":"product","2":"type-product","3":"status-publish","4":"has-post-thumbnail","6":"product_brand-vonixx","7":"product_cat-limpeza-pneus-vonixx","9":"first","10":"instock","11":"taxable","12":"shipping-taxable","13":"purchasable","14":"product-type-simple"},"_links":{"self":[{"href":"https:\/\/danieldasbaterias.com\/index.php?rest_route=\/wp\/v2\/product\/377","targetHints":{"allow":["GET"]}}],"collection":[{"href":"https:\/\/danieldasbaterias.com\/index.php?rest_route=\/wp\/v2\/product"}],"about":[{"href":"https:\/\/danieldasbaterias.com\/index.php?rest_route=\/wp\/v2\/types\/product"}],"replies":[{"embeddable":true,"href":"https:\/\/danieldasbaterias.com\/index.php?rest_route=%2Fwp%2Fv2%2Fcomments&post=377"}],"wp:featuredmedia":[{"embeddable":true,"href":"https:\/\/danieldasbaterias.com\/index.php?rest_route=\/wp\/v2\/media\/378"}],"wp:attachment":[{"href":"https:\/\/danieldasbaterias.com\/index.php?rest_route=%2Fwp%2Fv2%2Fmedia&parent=377"}],"wp:term":[{"taxonomy":"product_brand","embeddable":true,"href":"https:\/\/danieldasbaterias.com\/index.php?rest_route=%2Fwp%2Fv2%2Fproduct_brand&post=377"},{"taxonomy":"product_cat","embeddable":true,"href":"https:\/\/danieldasbaterias.com\/index.php?rest_route=%2Fwp%2Fv2%2Fproduct_cat&post=377"},{"taxonomy":"product_tag","embeddable":true,"href":"https:\/\/danieldasbaterias.com\/index.php?rest_route=%2Fwp%2Fv2%2Fproduct_tag&post=377"}],"curies":[{"name":"wp","href":"https:\/\/api.w.org\/{rel}","templated":true}]}}