{"id":381,"date":"2025-03-18T11:05:09","date_gmt":"2025-03-18T14:05:09","guid":{"rendered":"https:\/\/danieldasbaterias.com\/?post_type=product&#038;p=381"},"modified":"2025-03-21T13:46:37","modified_gmt":"2025-03-21T16:46:37","slug":"extractus-5l-vonixx","status":"publish","type":"product","link":"https:\/\/danieldasbaterias.com\/?product=extractus-5l-vonixx","title":{"rendered":"EXTRACTUS 5L &#8211; VONIXX"},"content":{"rendered":"<p>Extractus \u00e9 um limpador ultra concentrado de alta performance e baixa espuma\u00e7\u00e3o, desenvolvido para limpeza profissional de estofados, carpetes e tapetes. Seu uso \u00e9 indicado em extratoras. Sua f\u00f3rmula cont\u00e9m tensoativos e alcalinizantes especiais que removem facilmente os mais diversos tipos de sujeira, em especial as derivadas de graxa, suor e gorduras em geral.<\/p>\n<p><b>pH<\/b><br \/>\nB\u00e1sico, conforme r\u00f3tulo.<\/p>\n<p><b>Dilui\u00e7\u00e3o<\/b><br \/>\nSujeira pesada &#8211; 1:10<br \/>\nSujeira m\u00e9dia &#8211; 1:30<br \/>\nSujeira leve &#8211; 1:60<br \/>\nA dilui\u00e7\u00e3o poder\u00e1 ser alterada para mais ou para menos a depender do resultado observado.<\/p>\n<p>Observa\u00e7\u00e3o: Recomendamos spot teste para verificar a compatibilidade do produto com a superf\u00edcie.<\/p>\n<p><b>Uso recomendado<\/b><br \/>\nTecidos sint\u00e9ticos<\/p>\n<p><b>Informa\u00e7\u00f5es adicionais<\/b><br \/>\nN\u00e3o utilizar este produto em pl\u00e1stico, piso de porcelanato e materiais de fibras naturais, como linho e camur\u00e7a.<\/p>\n<p><b>Precau\u00e7\u00f5es<\/b><br \/>\nCuidado! Perigosa sua ingest\u00e3o. Evite contato prolongado com a pele. Lavar as m\u00e3os ap\u00f3s o uso. Conserve fora do alcance das crian\u00e7as e animais dom\u00e9sticos.<\/p>\n<p>-Passo 1 do sistema vsc<br \/>\n-Limpeza de estofados , carpetes e tapetes<\/p>\n<p><b>Modo de usar<\/b><br \/>\n1. Diluir o produto na propor\u00e7\u00e3o ideal de acordo com o n\u00edvel de sujeira<br \/>\n2. Pulverizar uma fina n\u00e9voa do produto, mantendo dist\u00e2ncia entre 20cm a 30cm da superf\u00edcie, a fim de evitar encharcamento do estofado ou carpete<br \/>\n3. Aguardar 2 minutos<br \/>\n4. Utilizar escovas macia e realizar a esfrega\u00e7\u00e3o para auxiliar no desprendimento da sujeira<br \/>\n5. Realizar a extra\u00e7\u00e3o ou aspira\u00e7\u00e3o sem enx\u00e1gue<br \/>\n6. Realizar um segunda extra\u00e7\u00e3o, dessa vez com enx\u00e1gue<\/p>\n","protected":false},"excerpt":{"rendered":"<p>LIMPEZA ESTOFADOS &#8211; CARPETES &#8211; TAPETES<\/p>\n","protected":false},"featured_media":385,"comment_status":"open","ping_status":"closed","template":"","meta":[],"product_brand":[27],"product_cat":[39],"product_tag":[],"class_list":{"0":"post-381","1":"product","2":"type-product","3":"status-publish","4":"has-post-thumbnail","6":"product_brand-vonixx","7":"product_cat-limpeza-estofado-auto","9":"first","10":"instock","11":"taxable","12":"shipping-taxable","13":"purchasable","14":"product-type-simple"},"_links":{"self":[{"href":"https:\/\/danieldasbaterias.com\/index.php?rest_route=\/wp\/v2\/product\/381","targetHints":{"allow":["GET"]}}],"collection":[{"href":"https:\/\/danieldasbaterias.com\/index.php?rest_route=\/wp\/v2\/product"}],"about":[{"href":"https:\/\/danieldasbaterias.com\/index.php?rest_route=\/wp\/v2\/types\/product"}],"replies":[{"embeddable":true,"href":"https:\/\/danieldasbaterias.com\/index.php?rest_route=%2Fwp%2Fv2%2Fcomments&post=381"}],"wp:featuredmedia":[{"embeddable":true,"href":"https:\/\/danieldasbaterias.com\/index.php?rest_route=\/wp\/v2\/media\/385"}],"wp:attachment":[{"href":"https:\/\/danieldasbaterias.com\/index.php?rest_route=%2Fwp%2Fv2%2Fmedia&parent=381"}],"wp:term":[{"taxonomy":"product_brand","embeddable":true,"href":"https:\/\/danieldasbaterias.com\/index.php?rest_route=%2Fwp%2Fv2%2Fproduct_brand&post=381"},{"taxonomy":"product_cat","embeddable":true,"href":"https:\/\/danieldasbaterias.com\/index.php?rest_route=%2Fwp%2Fv2%2Fproduct_cat&post=381"},{"taxonomy":"product_tag","embeddable":true,"href":"https:\/\/danieldasbaterias.com\/index.php?rest_route=%2Fwp%2Fv2%2Fproduct_tag&post=381"}],"curies":[{"name":"wp","href":"https:\/\/api.w.org\/{rel}","templated":true}]}}