{"id":390,"date":"2025-03-18T14:08:06","date_gmt":"2025-03-18T17:08:06","guid":{"rendered":"https:\/\/danieldasbaterias.com\/?post_type=product&#038;p=390"},"modified":"2025-03-21T13:44:40","modified_gmt":"2025-03-21T16:44:40","slug":"glazy-15l-vonixx","status":"publish","type":"product","link":"https:\/\/danieldasbaterias.com\/?product=glazy-15l-vonixx","title":{"rendered":"GLAZY 1,5L &#8211; VONIXX"},"content":{"rendered":"<div>GLAZY \u00e9 um produto 4 em 1, de alta tecnologia, desenvolvido para vidros em geral, que limpa, protege, condiciona e atua como redutor de riscos. O produto cont\u00e9m pol\u00edmeros especiais que reduzem o atrito no vidro, diminuindo as chances de riscos causados por limpadores de para-brisas e movimenta\u00e7\u00f5es dos vidros laterais. Deixa um toque liso e aspecto de vidro novo<\/div>\n<div><\/div>\n<div>MODO DE USO: 1. Pulverize uma pequena quantidade do produto diretamente nos vidros; 2. Espalhe rapidamente o produto utilizando uma microfibra espec\u00edfica para vidros. 3. Vire a microfibra ou utilize uma segunda microfibra limpa e seca para dar acabamento at\u00e9 concluir o processo. 4. Se necess\u00e1rio, repita a opera\u00e7\u00e3o.<\/div>\n<ul>\n<li>REDUTOR DE RISCOS<\/li>\n<li>TOQUE LISO<\/li>\n<\/ul>\n","protected":false},"excerpt":{"rendered":"<p>LIMPA VIDROS\u00a0 &#8211; PROTEGE\u00a0 &#8211; REDUTOR DE RISCO<\/p>\n<p>&nbsp;<\/p>\n","protected":false},"featured_media":391,"comment_status":"open","ping_status":"closed","template":"","meta":[],"product_brand":[27],"product_cat":[38],"product_tag":[],"class_list":{"0":"post-390","1":"product","2":"type-product","3":"status-publish","4":"has-post-thumbnail","6":"product_brand-vonixx","7":"product_cat-limpeza-de-vidros","9":"first","10":"instock","11":"taxable","12":"shipping-taxable","13":"purchasable","14":"product-type-simple"},"_links":{"self":[{"href":"https:\/\/danieldasbaterias.com\/index.php?rest_route=\/wp\/v2\/product\/390","targetHints":{"allow":["GET"]}}],"collection":[{"href":"https:\/\/danieldasbaterias.com\/index.php?rest_route=\/wp\/v2\/product"}],"about":[{"href":"https:\/\/danieldasbaterias.com\/index.php?rest_route=\/wp\/v2\/types\/product"}],"replies":[{"embeddable":true,"href":"https:\/\/danieldasbaterias.com\/index.php?rest_route=%2Fwp%2Fv2%2Fcomments&post=390"}],"wp:featuredmedia":[{"embeddable":true,"href":"https:\/\/danieldasbaterias.com\/index.php?rest_route=\/wp\/v2\/media\/391"}],"wp:attachment":[{"href":"https:\/\/danieldasbaterias.com\/index.php?rest_route=%2Fwp%2Fv2%2Fmedia&parent=390"}],"wp:term":[{"taxonomy":"product_brand","embeddable":true,"href":"https:\/\/danieldasbaterias.com\/index.php?rest_route=%2Fwp%2Fv2%2Fproduct_brand&post=390"},{"taxonomy":"product_cat","embeddable":true,"href":"https:\/\/danieldasbaterias.com\/index.php?rest_route=%2Fwp%2Fv2%2Fproduct_cat&post=390"},{"taxonomy":"product_tag","embeddable":true,"href":"https:\/\/danieldasbaterias.com\/index.php?rest_route=%2Fwp%2Fv2%2Fproduct_tag&post=390"}],"curies":[{"name":"wp","href":"https:\/\/api.w.org\/{rel}","templated":true}]}}