{"id":395,"date":"2025-03-18T14:17:06","date_gmt":"2025-03-18T17:17:06","guid":{"rendered":"https:\/\/danieldasbaterias.com\/?post_type=product&#038;p=395"},"modified":"2025-03-21T13:48:27","modified_gmt":"2025-03-21T16:48:27","slug":"higicouro-500ml-vonixx","status":"publish","type":"product","link":"https:\/\/danieldasbaterias.com\/?product=higicouro-500ml-vonixx","title":{"rendered":"HIGICOURO 500ML &#8211; VONIXX"},"content":{"rendered":"<p>Higicouro limpa com seguran\u00e7a bancos e outras superf\u00edcies de couro de ve\u00edculos e remove impurezas com extrema facilidade, sem agredir o material e renovando o seu aspecto.<\/p>\n<p><b>Dilui\u00e7\u00e3o<\/b><br \/>\nPronto uso<\/p>\n<p><b>Informa\u00e7\u00f5es adicionais<\/b><br \/>\nHigicouro pode ser utilizado na limpeza de qualquer tipo de couro, natural ou sint\u00e9tico, em ve\u00edculos, motos, aeronaves e embarca\u00e7\u00f5es.<\/p>\n<p>N\u00e3o recomendamos o uso do produto em pl\u00e1sticos.<\/p>\n<p>-Limpa sem agredir<br \/>\n-Elimina \u00e1caros e mofo<br \/>\n-Protege e renova<\/p>\n<p><b>Modo de usar<\/b><br \/>\n1. Pulverize uma pequena quantidade do produto na superf\u00edcie a ser aplicada<br \/>\n2. Deixe o produto agir por 30 segundos<br \/>\n3. Fa\u00e7a a limpeza utilizando um aplicador de espuma ou escova macia at\u00e9 o total desprendimento da sujeira<br \/>\n4. Remova o excesso de sujeira usando uma toalha de microfibra levemente umedecida at\u00e9 a completa limpeza<br \/>\n5. Se necess\u00e1rio, repita a opera\u00e7\u00e3o<\/p>\n","protected":false},"excerpt":{"rendered":"<p>LIMPA COURO DE VEICULO &#8211; REMOVE IMPUREZA &#8211; SEM AGREDIR<\/p>\n<p>&nbsp;<\/p>\n","protected":false},"featured_media":396,"comment_status":"open","ping_status":"closed","template":"","meta":[],"product_brand":[27],"product_cat":[39],"product_tag":[],"class_list":{"0":"post-395","1":"product","2":"type-product","3":"status-publish","4":"has-post-thumbnail","6":"product_brand-vonixx","7":"product_cat-limpeza-estofado-auto","9":"first","10":"instock","11":"taxable","12":"shipping-taxable","13":"purchasable","14":"product-type-simple"},"_links":{"self":[{"href":"https:\/\/danieldasbaterias.com\/index.php?rest_route=\/wp\/v2\/product\/395","targetHints":{"allow":["GET"]}}],"collection":[{"href":"https:\/\/danieldasbaterias.com\/index.php?rest_route=\/wp\/v2\/product"}],"about":[{"href":"https:\/\/danieldasbaterias.com\/index.php?rest_route=\/wp\/v2\/types\/product"}],"replies":[{"embeddable":true,"href":"https:\/\/danieldasbaterias.com\/index.php?rest_route=%2Fwp%2Fv2%2Fcomments&post=395"}],"wp:featuredmedia":[{"embeddable":true,"href":"https:\/\/danieldasbaterias.com\/index.php?rest_route=\/wp\/v2\/media\/396"}],"wp:attachment":[{"href":"https:\/\/danieldasbaterias.com\/index.php?rest_route=%2Fwp%2Fv2%2Fmedia&parent=395"}],"wp:term":[{"taxonomy":"product_brand","embeddable":true,"href":"https:\/\/danieldasbaterias.com\/index.php?rest_route=%2Fwp%2Fv2%2Fproduct_brand&post=395"},{"taxonomy":"product_cat","embeddable":true,"href":"https:\/\/danieldasbaterias.com\/index.php?rest_route=%2Fwp%2Fv2%2Fproduct_cat&post=395"},{"taxonomy":"product_tag","embeddable":true,"href":"https:\/\/danieldasbaterias.com\/index.php?rest_route=%2Fwp%2Fv2%2Fproduct_tag&post=395"}],"curies":[{"name":"wp","href":"https:\/\/api.w.org\/{rel}","templated":true}]}}