{"id":397,"date":"2025-03-18T15:10:46","date_gmt":"2025-03-18T18:10:46","guid":{"rendered":"https:\/\/danieldasbaterias.com\/?post_type=product&#038;p=397"},"modified":"2025-03-21T13:00:54","modified_gmt":"2025-03-21T16:00:54","slug":"hydrox-fast-500ml-vonixx","status":"publish","type":"product","link":"https:\/\/danieldasbaterias.com\/?product=hydrox-fast-500ml-vonixx","title":{"rendered":"HYDROX FAST 500ML &#8211; VONIXX"},"content":{"rendered":"<div>HYDROX FAST \u00e9 um revolucion\u00e1rio coating cer\u00e2mico hidrorreativo de alta tecnologia. Ele \u00e9 ativado atrav\u00e9s da \u00e1gua, sem necessidade de toque. Proporciona uma incr\u00edvel prote\u00e7\u00e3o de at\u00e9 10 meses na pintura, deixando o toque liso, aumentando significativamente o brilho e protegendo contra a a\u00e7\u00e3o do tempo. Tamb\u00e9m pode ser aplicado em vidros para melhorar a hidrorrepel\u00eancia.<\/div>\n<div>\n<ul>\n<li>BRILHO E PROTE\u00c7\u00c3O POR AT\u00c9 10 MESES DE FORMA PR\u00c1TICA<\/li>\n<li>TOQUE LISO<\/li>\n<li>PRODUTO NANOTECNOL\u00d3GICO<\/li>\n<\/ul>\n<\/div>\n<div>MODO DE USO:<\/div>\n<div>1. Lave bem o ve\u00edculo.<\/div>\n<div>2. Com o carro ainda molhado, pulverize o produto sobre toda a pintura, sempre fria, sem deixar o produto secar na superf\u00edcie.<\/div>\n<div>3. Enx\u00e1gue imediatamente utilizando uma lavadora de alta press\u00e3o para ativar o produto e observe o efeito de hidrorrepel\u00eancia imediato.<\/div>\n<div>4. Seque o ve\u00edculo.<\/div>\n","protected":false},"excerpt":{"rendered":"<p>PROTE\u00c7\u00c3O PINTURA &#8211; DURA 10 MESES SEM RETOQUE &#8211; HIDRORREPELENCIA<\/p>\n","protected":false},"featured_media":398,"comment_status":"open","ping_status":"closed","template":"","meta":[],"product_brand":[27],"product_cat":[36],"product_tag":[],"class_list":{"0":"post-397","1":"product","2":"type-product","3":"status-publish","4":"has-post-thumbnail","6":"product_brand-vonixx","7":"product_cat-cera-e-polimento","9":"first","10":"instock","11":"taxable","12":"shipping-taxable","13":"purchasable","14":"product-type-simple"},"_links":{"self":[{"href":"https:\/\/danieldasbaterias.com\/index.php?rest_route=\/wp\/v2\/product\/397","targetHints":{"allow":["GET"]}}],"collection":[{"href":"https:\/\/danieldasbaterias.com\/index.php?rest_route=\/wp\/v2\/product"}],"about":[{"href":"https:\/\/danieldasbaterias.com\/index.php?rest_route=\/wp\/v2\/types\/product"}],"replies":[{"embeddable":true,"href":"https:\/\/danieldasbaterias.com\/index.php?rest_route=%2Fwp%2Fv2%2Fcomments&post=397"}],"wp:featuredmedia":[{"embeddable":true,"href":"https:\/\/danieldasbaterias.com\/index.php?rest_route=\/wp\/v2\/media\/398"}],"wp:attachment":[{"href":"https:\/\/danieldasbaterias.com\/index.php?rest_route=%2Fwp%2Fv2%2Fmedia&parent=397"}],"wp:term":[{"taxonomy":"product_brand","embeddable":true,"href":"https:\/\/danieldasbaterias.com\/index.php?rest_route=%2Fwp%2Fv2%2Fproduct_brand&post=397"},{"taxonomy":"product_cat","embeddable":true,"href":"https:\/\/danieldasbaterias.com\/index.php?rest_route=%2Fwp%2Fv2%2Fproduct_cat&post=397"},{"taxonomy":"product_tag","embeddable":true,"href":"https:\/\/danieldasbaterias.com\/index.php?rest_route=%2Fwp%2Fv2%2Fproduct_tag&post=397"}],"curies":[{"name":"wp","href":"https:\/\/api.w.org\/{rel}","templated":true}]}}