{"id":399,"date":"2025-03-18T15:15:05","date_gmt":"2025-03-18T18:15:05","guid":{"rendered":"https:\/\/danieldasbaterias.com\/?post_type=product&#038;p=399"},"modified":"2025-03-19T16:29:02","modified_gmt":"2025-03-19T19:29:02","slug":"intense-500ml-vonixx","status":"publish","type":"product","link":"https:\/\/danieldasbaterias.com\/?product=intense-500ml-vonixx","title":{"rendered":"INTENSE 500ML &#8211; VONIXX"},"content":{"rendered":"<p>Intense \u00e9 um renovador de pl\u00e1stico com prote\u00e7\u00e3o UV, cuja f\u00f3rmula balanceada promove acabamento natural e toque seco, com durabilidade de 6 meses. O produto deve ser utilizado especificamente na parte interna do autom\u00f3vel, em superf\u00edcies como vinil e pl\u00e1stico em geral.<\/p>\n<p><b>Dilui\u00e7\u00e3o<\/b><br \/>\nPronto uso<\/p>\n<p><b>Duranbilidade<\/b><br \/>\nAt\u00e9 seis meses de prote\u00e7\u00e3o nos pl\u00e1sticos internos<\/p>\n<p><b>Informa\u00e7\u00f5es adicionais<\/b><br \/>\nIntense pode ser utilizado em pain\u00e9is soft touch.<br \/>\nN\u00e3o recomendamos o uso do produto em pl\u00e1sticos externos e em couro<\/p>\n<p>-Toque seco<br \/>\n-Prote\u00e7\u00e3o UV<\/p>\n<p><b>Modo de uso<\/b><br \/>\n1. Certifique-se que a superf\u00edcie esteja limpa e seca;<br \/>\n2. Aplique uma pequena quantidade de produto de maneira uniforme com o aux\u00edlio de um aplicador de microfibra;<br \/>\n3. Espalhe bem at\u00e9 o total preenchimento da pe\u00e7a.<\/p>\n<p>Obs. Se necess\u00e1rio, repita a opera\u00e7\u00e3o; qualquer mancha ou excesso poder\u00e1 ser removido com uma toalha de microfibra limpa e seca<\/p>\n","protected":false},"excerpt":{"rendered":"<p>RENOVADOR DE PL\u00c1STICO &#8211; PROTE\u00c7\u00c3O UV &#8211; TOQUE SECO<\/p>\n<p>&nbsp;<\/p>\n","protected":false},"featured_media":400,"comment_status":"open","ping_status":"closed","template":"","meta":[],"product_brand":[27],"product_cat":[35],"product_tag":[],"class_list":{"0":"post-399","1":"product","2":"type-product","3":"status-publish","4":"has-post-thumbnail","6":"product_brand-vonixx","7":"product_cat-limpeza-interna-auto","9":"first","10":"instock","11":"taxable","12":"shipping-taxable","13":"purchasable","14":"product-type-simple"},"_links":{"self":[{"href":"https:\/\/danieldasbaterias.com\/index.php?rest_route=\/wp\/v2\/product\/399","targetHints":{"allow":["GET"]}}],"collection":[{"href":"https:\/\/danieldasbaterias.com\/index.php?rest_route=\/wp\/v2\/product"}],"about":[{"href":"https:\/\/danieldasbaterias.com\/index.php?rest_route=\/wp\/v2\/types\/product"}],"replies":[{"embeddable":true,"href":"https:\/\/danieldasbaterias.com\/index.php?rest_route=%2Fwp%2Fv2%2Fcomments&post=399"}],"wp:featuredmedia":[{"embeddable":true,"href":"https:\/\/danieldasbaterias.com\/index.php?rest_route=\/wp\/v2\/media\/400"}],"wp:attachment":[{"href":"https:\/\/danieldasbaterias.com\/index.php?rest_route=%2Fwp%2Fv2%2Fmedia&parent=399"}],"wp:term":[{"taxonomy":"product_brand","embeddable":true,"href":"https:\/\/danieldasbaterias.com\/index.php?rest_route=%2Fwp%2Fv2%2Fproduct_brand&post=399"},{"taxonomy":"product_cat","embeddable":true,"href":"https:\/\/danieldasbaterias.com\/index.php?rest_route=%2Fwp%2Fv2%2Fproduct_cat&post=399"},{"taxonomy":"product_tag","embeddable":true,"href":"https:\/\/danieldasbaterias.com\/index.php?rest_route=%2Fwp%2Fv2%2Fproduct_tag&post=399"}],"curies":[{"name":"wp","href":"https:\/\/api.w.org\/{rel}","templated":true}]}}