{"id":401,"date":"2025-03-18T15:29:08","date_gmt":"2025-03-18T18:29:08","guid":{"rendered":"https:\/\/danieldasbaterias.com\/?post_type=product&#038;p=401"},"modified":"2025-03-21T12:59:14","modified_gmt":"2025-03-21T15:59:14","slug":"taco-descontaminacao-pesada-carpete-vonixx","status":"publish","type":"product","link":"https:\/\/danieldasbaterias.com\/?product=taco-descontaminacao-pesada-carpete-vonixx","title":{"rendered":"TACO DESCONTAMINA\u00c7\u00c3O PESADA CARPETE &#8211; VONIXX"},"content":{"rendered":"<p>O TACO DESCONTAMINA\u00c7\u00c3O PESADA CARPETE VONIXX \u00e9 indicado para a descontamina\u00e7\u00e3o pesada em vidros. O taco possui alto desempenho na remo\u00e7\u00e3o marcas d&#8217;\u00e1gua proporcionada por calcifica\u00e7\u00f5es de chuvas \u00e1cidas e na elimina\u00e7\u00e3o riscos leves e moderados.<\/p>\n","protected":false},"excerpt":{"rendered":"<p>O TACO DESCONTAMINA\u00c7\u00c3O PESADA CARPETE VONIXX \u00e9 indicado para a descontamina\u00e7\u00e3o pesada em vidros. O taco possui alto desempenho na remo\u00e7\u00e3o marcas d&#8217;\u00e1gua proporcionada por calcifica\u00e7\u00f5es de chuvas \u00e1cidas e na elimina\u00e7\u00e3o riscos leves e moderados.<\/p>\n","protected":false},"featured_media":402,"comment_status":"open","ping_status":"closed","template":"","meta":[],"product_brand":[27],"product_cat":[38],"product_tag":[],"class_list":{"0":"post-401","1":"product","2":"type-product","3":"status-publish","4":"has-post-thumbnail","6":"product_brand-vonixx","7":"product_cat-limpeza-de-vidros","9":"first","10":"instock","11":"taxable","12":"shipping-taxable","13":"purchasable","14":"product-type-simple"},"_links":{"self":[{"href":"https:\/\/danieldasbaterias.com\/index.php?rest_route=\/wp\/v2\/product\/401","targetHints":{"allow":["GET"]}}],"collection":[{"href":"https:\/\/danieldasbaterias.com\/index.php?rest_route=\/wp\/v2\/product"}],"about":[{"href":"https:\/\/danieldasbaterias.com\/index.php?rest_route=\/wp\/v2\/types\/product"}],"replies":[{"embeddable":true,"href":"https:\/\/danieldasbaterias.com\/index.php?rest_route=%2Fwp%2Fv2%2Fcomments&post=401"}],"wp:featuredmedia":[{"embeddable":true,"href":"https:\/\/danieldasbaterias.com\/index.php?rest_route=\/wp\/v2\/media\/402"}],"wp:attachment":[{"href":"https:\/\/danieldasbaterias.com\/index.php?rest_route=%2Fwp%2Fv2%2Fmedia&parent=401"}],"wp:term":[{"taxonomy":"product_brand","embeddable":true,"href":"https:\/\/danieldasbaterias.com\/index.php?rest_route=%2Fwp%2Fv2%2Fproduct_brand&post=401"},{"taxonomy":"product_cat","embeddable":true,"href":"https:\/\/danieldasbaterias.com\/index.php?rest_route=%2Fwp%2Fv2%2Fproduct_cat&post=401"},{"taxonomy":"product_tag","embeddable":true,"href":"https:\/\/danieldasbaterias.com\/index.php?rest_route=%2Fwp%2Fv2%2Fproduct_tag&post=401"}],"curies":[{"name":"wp","href":"https:\/\/api.w.org\/{rel}","templated":true}]}}