{"id":403,"date":"2025-03-18T15:39:50","date_gmt":"2025-03-18T18:39:50","guid":{"rendered":"https:\/\/danieldasbaterias.com\/?post_type=product&#038;p=403"},"modified":"2025-03-21T13:49:38","modified_gmt":"2025-03-21T16:49:38","slug":"limpa-estofados-15l-vintex","status":"publish","type":"product","link":"https:\/\/danieldasbaterias.com\/?product=limpa-estofados-15l-vintex","title":{"rendered":"LIMPA ESTOFADOS 1,5L &#8211; VINTEX"},"content":{"rendered":"<p>O Limpa Estofados \u00e9 um produto que foi desenvolvido para lavagem a seco de estofados automotivos e residenciais em geral. Limpa, tira manchas e deixa um agrad\u00e1vel aroma.<\/p>\n<p>-Remove manchas dif\u00edceis<br \/>\n-Lava a seco<br \/>\n-Deixa um agrad\u00e1vel aroma<\/p>\n<p><b>Modo de usar<\/b><br \/>\n1. Diluir 300 ml do produto em 5L de \u00e1gua at\u00e9 fazer bastante espuma<br \/>\n2. Lavar o banco por partes, somente com a espuma do produto, esfregando com um Aplicador de Espuma ou escova bem macia<br \/>\n3. Em seguida aspirar a parte lavada at\u00e9 a retirada de toda a espuma e o excesso de umidade com um aspirador (\u00e1gua e p\u00f3)<br \/>\n4. Esperar secar por algumas horas<\/p>\n","protected":false},"excerpt":{"rendered":"<p>LIMPA ESTOFADOS &#8211; TIRA MANCHAS<\/p>\n<p>&nbsp;<\/p>\n","protected":false},"featured_media":404,"comment_status":"open","ping_status":"closed","template":"","meta":[],"product_brand":[29],"product_cat":[39],"product_tag":[],"class_list":{"0":"post-403","1":"product","2":"type-product","3":"status-publish","4":"has-post-thumbnail","6":"product_brand-vintex","7":"product_cat-limpeza-estofado-auto","9":"first","10":"instock","11":"taxable","12":"shipping-taxable","13":"purchasable","14":"product-type-simple"},"_links":{"self":[{"href":"https:\/\/danieldasbaterias.com\/index.php?rest_route=\/wp\/v2\/product\/403","targetHints":{"allow":["GET"]}}],"collection":[{"href":"https:\/\/danieldasbaterias.com\/index.php?rest_route=\/wp\/v2\/product"}],"about":[{"href":"https:\/\/danieldasbaterias.com\/index.php?rest_route=\/wp\/v2\/types\/product"}],"replies":[{"embeddable":true,"href":"https:\/\/danieldasbaterias.com\/index.php?rest_route=%2Fwp%2Fv2%2Fcomments&post=403"}],"wp:featuredmedia":[{"embeddable":true,"href":"https:\/\/danieldasbaterias.com\/index.php?rest_route=\/wp\/v2\/media\/404"}],"wp:attachment":[{"href":"https:\/\/danieldasbaterias.com\/index.php?rest_route=%2Fwp%2Fv2%2Fmedia&parent=403"}],"wp:term":[{"taxonomy":"product_brand","embeddable":true,"href":"https:\/\/danieldasbaterias.com\/index.php?rest_route=%2Fwp%2Fv2%2Fproduct_brand&post=403"},{"taxonomy":"product_cat","embeddable":true,"href":"https:\/\/danieldasbaterias.com\/index.php?rest_route=%2Fwp%2Fv2%2Fproduct_cat&post=403"},{"taxonomy":"product_tag","embeddable":true,"href":"https:\/\/danieldasbaterias.com\/index.php?rest_route=%2Fwp%2Fv2%2Fproduct_tag&post=403"}],"curies":[{"name":"wp","href":"https:\/\/api.w.org\/{rel}","templated":true}]}}