{"id":405,"date":"2025-03-19T11:41:58","date_gmt":"2025-03-19T14:41:58","guid":{"rendered":"https:\/\/danieldasbaterias.com\/?post_type=product&#038;p=405"},"modified":"2025-03-21T12:57:24","modified_gmt":"2025-03-21T15:57:24","slug":"limpa-vidros-500ml-vintex","status":"publish","type":"product","link":"https:\/\/danieldasbaterias.com\/?product=limpa-vidros-500ml-vintex","title":{"rendered":"LIMPA VIDROS 500ML &#8211; VINTEX"},"content":{"rendered":"<div>O Limpa Vidros VINTEX PRO \u00e9 um produto ultra concentrado, formulado para limpar, remover manchas, desengordurar e desemba\u00e7ar vitrines, vidros de autom\u00f3veis e espelhos.<\/div>\n<div><\/div>\n<div>MODO DE USAR:<\/div>\n<div>1 &#8211; Fa\u00e7a a dilui\u00e7\u00e3o do produto na quantidade desejada na propor\u00e7\u00e3o de 1:5, ou seja, 1 parte de produto para 4 partes de \u00e1gua limpa. Por exemplo: se deseja fazer\u00a0 \u00a0 \u00a0 \u00a0500 ml de produto pronto para uso, coloque em um recipiente 100 ml de produto e acrescente 400 ml de \u00e1gua.<\/div>\n<div><\/div>\n<div>2 &#8211; Com o aux\u00edlio de um pulverizador, aplique o produto diretamente nos vidros (internos ou externos).<\/div>\n<div><\/div>\n<div>3 &#8211; Espalhe o produto utilizando uma toalha de microfibra espec\u00edfica para limpeza de vidros.<\/div>\n<div><\/div>\n<div>4 &#8211; Antes que o produto seque, utilize outra toalha de microfibra limpa e seca para fazer o acabamento final at\u00e9 obter total vis\u00e3o.<\/div>\n","protected":false},"excerpt":{"rendered":"<p>LIMPA VIDROS &#8211; CONCENTRADO<\/p>\n","protected":false},"featured_media":406,"comment_status":"open","ping_status":"closed","template":"","meta":[],"product_brand":[29],"product_cat":[38],"product_tag":[],"class_list":{"0":"post-405","1":"product","2":"type-product","3":"status-publish","4":"has-post-thumbnail","6":"product_brand-vintex","7":"product_cat-limpeza-de-vidros","9":"first","10":"instock","11":"taxable","12":"shipping-taxable","13":"purchasable","14":"product-type-simple"},"_links":{"self":[{"href":"https:\/\/danieldasbaterias.com\/index.php?rest_route=\/wp\/v2\/product\/405","targetHints":{"allow":["GET"]}}],"collection":[{"href":"https:\/\/danieldasbaterias.com\/index.php?rest_route=\/wp\/v2\/product"}],"about":[{"href":"https:\/\/danieldasbaterias.com\/index.php?rest_route=\/wp\/v2\/types\/product"}],"replies":[{"embeddable":true,"href":"https:\/\/danieldasbaterias.com\/index.php?rest_route=%2Fwp%2Fv2%2Fcomments&post=405"}],"wp:featuredmedia":[{"embeddable":true,"href":"https:\/\/danieldasbaterias.com\/index.php?rest_route=\/wp\/v2\/media\/406"}],"wp:attachment":[{"href":"https:\/\/danieldasbaterias.com\/index.php?rest_route=%2Fwp%2Fv2%2Fmedia&parent=405"}],"wp:term":[{"taxonomy":"product_brand","embeddable":true,"href":"https:\/\/danieldasbaterias.com\/index.php?rest_route=%2Fwp%2Fv2%2Fproduct_brand&post=405"},{"taxonomy":"product_cat","embeddable":true,"href":"https:\/\/danieldasbaterias.com\/index.php?rest_route=%2Fwp%2Fv2%2Fproduct_cat&post=405"},{"taxonomy":"product_tag","embeddable":true,"href":"https:\/\/danieldasbaterias.com\/index.php?rest_route=%2Fwp%2Fv2%2Fproduct_tag&post=405"}],"curies":[{"name":"wp","href":"https:\/\/api.w.org\/{rel}","templated":true}]}}