{"id":407,"date":"2025-03-19T11:45:03","date_gmt":"2025-03-19T14:45:03","guid":{"rendered":"https:\/\/danieldasbaterias.com\/?post_type=product&#038;p=407"},"modified":"2025-03-21T12:02:29","modified_gmt":"2025-03-21T15:02:29","slug":"makker-500ml-vonixx","status":"publish","type":"product","link":"https:\/\/danieldasbaterias.com\/?product=makker-500ml-vonixx","title":{"rendered":"MAKKER 500ML &#8211; VONIXX"},"content":{"rendered":"<ul>\n<li>SUPER BRILHO<\/li>\n<li>F\u00c1CIL APLICA\u00c7\u00c3O<\/li>\n<\/ul>\n<div><\/div>\n<div>MAKKER 2.0 \u00e9 uma maquiagem automotiva desenvolvida exclusivamente para preencher pequenos defeitos e renovar pinturas queimadas ou desbotadas. Pode tamb\u00e9m ser utilizado para alcan\u00e7ar brilho m\u00e1ximo na pintura. Al\u00e9m de maquiar, o produto deixa um toque extremamente liso e garante prote\u00e7\u00e3o de at\u00e9 90 dias. NOTA: Como o produto possui microabrasivos especiais, tamb\u00e9m \u00e9 capaz de corrigir defeitos leves se utilizado com aplicador de microfibra ou com m\u00e1quina.<\/div>\n<div><\/div>\n<div>MODO DE USO: 1. Agite bem o produto antes de usar. 2. Aplique uma pequena quantidade do produto em um aplicador de espuma ou microfibra. 3. Espalhe o produto na pintura, realizando movimentos uniformes e circulares. 4. Aguarde secar por, no m\u00ednimo, 5 minutos. 5. Remova o excesso de produto com uma toalha de microfibra at\u00e9 obter o brilho desejado.<\/div>\n","protected":false},"excerpt":{"rendered":"<p>RENOVA PINTURA QUEIMANDA OU DESBOTADA &#8211; BRILHO &#8211; TOQUE LISO<\/p>\n<p>&nbsp;<\/p>\n","protected":false},"featured_media":408,"comment_status":"open","ping_status":"closed","template":"","meta":[],"product_brand":[27],"product_cat":[36],"product_tag":[],"class_list":{"0":"post-407","1":"product","2":"type-product","3":"status-publish","4":"has-post-thumbnail","6":"product_brand-vonixx","7":"product_cat-cera-e-polimento","9":"first","10":"instock","11":"taxable","12":"shipping-taxable","13":"purchasable","14":"product-type-simple"},"_links":{"self":[{"href":"https:\/\/danieldasbaterias.com\/index.php?rest_route=\/wp\/v2\/product\/407","targetHints":{"allow":["GET"]}}],"collection":[{"href":"https:\/\/danieldasbaterias.com\/index.php?rest_route=\/wp\/v2\/product"}],"about":[{"href":"https:\/\/danieldasbaterias.com\/index.php?rest_route=\/wp\/v2\/types\/product"}],"replies":[{"embeddable":true,"href":"https:\/\/danieldasbaterias.com\/index.php?rest_route=%2Fwp%2Fv2%2Fcomments&post=407"}],"wp:featuredmedia":[{"embeddable":true,"href":"https:\/\/danieldasbaterias.com\/index.php?rest_route=\/wp\/v2\/media\/408"}],"wp:attachment":[{"href":"https:\/\/danieldasbaterias.com\/index.php?rest_route=%2Fwp%2Fv2%2Fmedia&parent=407"}],"wp:term":[{"taxonomy":"product_brand","embeddable":true,"href":"https:\/\/danieldasbaterias.com\/index.php?rest_route=%2Fwp%2Fv2%2Fproduct_brand&post=407"},{"taxonomy":"product_cat","embeddable":true,"href":"https:\/\/danieldasbaterias.com\/index.php?rest_route=%2Fwp%2Fv2%2Fproduct_cat&post=407"},{"taxonomy":"product_tag","embeddable":true,"href":"https:\/\/danieldasbaterias.com\/index.php?rest_route=%2Fwp%2Fv2%2Fproduct_tag&post=407"}],"curies":[{"name":"wp","href":"https:\/\/api.w.org\/{rel}","templated":true}]}}