{"id":409,"date":"2025-03-19T11:56:08","date_gmt":"2025-03-19T14:56:08","guid":{"rendered":"https:\/\/danieldasbaterias.com\/?post_type=product&#038;p=409"},"modified":"2025-03-21T12:01:51","modified_gmt":"2025-03-21T15:01:51","slug":"native-spray-wax-500ml-vonixx","status":"publish","type":"product","link":"https:\/\/danieldasbaterias.com\/?product=native-spray-wax-500ml-vonixx","title":{"rendered":"NATIVE SPRAY WAX 500ML &#8211; VONIXX"},"content":{"rendered":"<p>A Native Brazilian Carna\u00faba Spray Wax foi desenvolvida com a mais pura cera de carna\u00faba amarela do tipo 1 cearense e produzida 100% no Brasil. \u00c9 ideal para ser utilizada na manuten\u00e7\u00e3o do brilho da pintura do ve\u00edculo, sendo indicada principalmente para uso ap\u00f3s as lavagens.<\/p>\n<p><b>Dilui\u00e7\u00e3o<\/b><br \/>\nPronto uso<\/p>\n<p><b>Uso recomendado<\/b><br \/>\nPintura, superf\u00edcie\u00a0 black piano e cromados.<\/p>\n<p><b>Durabilidade<\/b><br \/>\nAt\u00e9 quatro meses de prote\u00e7\u00e3o<\/p>\n<p><b>Informa\u00e7\u00f5es adicionais<\/b><br \/>\nIdela para ser utilizada como manuten\u00e7\u00e3o da Native Paste Wax. Usar entre as lavagens, a fim de manter o brilho e a prote\u00e7\u00e3o da aplica\u00e7\u00e3o da vers\u00e3o em pasta.<br \/>\nEste produto n\u00e3o deve ser utilizado em pl\u00e1stico<\/p>\n<p><b>Precau\u00e7\u00f5es<\/b><br \/>\nCuidado! Perigosa sua ingest\u00e3o. Evite contato prolongado com a pele. Lavar as m\u00e3os ap\u00f3s uso. Conserve fora do alcance das crian\u00e7as e animais dom\u00e9stico.<\/p>\n<p>-M\u00e1ximo poder hidrof\u00f3bico<br \/>\n-Efeito abrilhantador<br \/>\n-Renova\u00e7\u00e3o do brilho<\/p>\n<p><b>Modo de usar<\/b><br \/>\n1. Agite bem o produto antes de usar<br \/>\n2. Ap\u00f3s lavar o ve\u00edculo pulverize uma pequena quantidade do produto na pintura em uma \u00e1rea n\u00e3o superior a 60cm x 60cm<br \/>\n3. Sem deixar o produto secar, espalhe rapidamente utilizando uma toalha uma toalha de microfibra limpa e seca<br \/>\n4. Imediatamente realize o acabamento, utilizando uma outra toalha de microfibra limpa e seca at\u00e9 obter o brilho desejado<br \/>\n5. Continue o mesmo procedimento at\u00e9 a conclus\u00e3o do ve\u00edculo<\/p>\n","protected":false},"excerpt":{"rendered":"<p>CERA L\u00cdQUIDA &#8211; RENOVA\u00c7\u00c3O DE BRILHO &#8211; EFEITO &#8211; MAX\u00cdMO PODER HODROF\u00d3BICO<\/p>\n","protected":false},"featured_media":410,"comment_status":"open","ping_status":"closed","template":"","meta":[],"product_brand":[27],"product_cat":[36],"product_tag":[],"class_list":{"0":"post-409","1":"product","2":"type-product","3":"status-publish","4":"has-post-thumbnail","6":"product_brand-vonixx","7":"product_cat-cera-e-polimento","9":"first","10":"instock","11":"taxable","12":"shipping-taxable","13":"purchasable","14":"product-type-simple"},"_links":{"self":[{"href":"https:\/\/danieldasbaterias.com\/index.php?rest_route=\/wp\/v2\/product\/409","targetHints":{"allow":["GET"]}}],"collection":[{"href":"https:\/\/danieldasbaterias.com\/index.php?rest_route=\/wp\/v2\/product"}],"about":[{"href":"https:\/\/danieldasbaterias.com\/index.php?rest_route=\/wp\/v2\/types\/product"}],"replies":[{"embeddable":true,"href":"https:\/\/danieldasbaterias.com\/index.php?rest_route=%2Fwp%2Fv2%2Fcomments&post=409"}],"wp:featuredmedia":[{"embeddable":true,"href":"https:\/\/danieldasbaterias.com\/index.php?rest_route=\/wp\/v2\/media\/410"}],"wp:attachment":[{"href":"https:\/\/danieldasbaterias.com\/index.php?rest_route=%2Fwp%2Fv2%2Fmedia&parent=409"}],"wp:term":[{"taxonomy":"product_brand","embeddable":true,"href":"https:\/\/danieldasbaterias.com\/index.php?rest_route=%2Fwp%2Fv2%2Fproduct_brand&post=409"},{"taxonomy":"product_cat","embeddable":true,"href":"https:\/\/danieldasbaterias.com\/index.php?rest_route=%2Fwp%2Fv2%2Fproduct_cat&post=409"},{"taxonomy":"product_tag","embeddable":true,"href":"https:\/\/danieldasbaterias.com\/index.php?rest_route=%2Fwp%2Fv2%2Fproduct_tag&post=409"}],"curies":[{"name":"wp","href":"https:\/\/api.w.org\/{rel}","templated":true}]}}