{"id":411,"date":"2025-03-19T11:58:45","date_gmt":"2025-03-19T14:58:45","guid":{"rendered":"https:\/\/danieldasbaterias.com\/?post_type=product&#038;p=411"},"modified":"2025-05-11T20:58:30","modified_gmt":"2025-05-11T23:58:30","slug":"pneu-pretinho-5l-vintex","status":"publish","type":"product","link":"https:\/\/danieldasbaterias.com\/?product=pneu-pretinho-5l-vintex","title":{"rendered":"PNEU PRETINHO 5L &#8211; VINTEX"},"content":{"rendered":"<p>O Pneu Pretinho \u00e9 um produto que foi especialmente desenvolvido para proteger, conservar e dar brilho aos pneus em geral. Promove prote\u00e7\u00e3o prolongada, brilho intenso e duradouro que deixa os pneus com as pecto de novos.<\/p>\n<p>-Brilho molhado<br \/>\n-Super concentrado<\/p>\n<p><b>Modo de usar<\/b><br \/>\n1. Lave bem os pneus removendo toda a sujeira como lama, barro, etc;<br \/>\n2. Em seguida, aplique o produto puro com o aux\u00edlio do Aplicador de Espuma.<\/p>\n","protected":false},"excerpt":{"rendered":"<p>PNEUS PRETINHOS &#8211; BRILHO MOLHADO &#8211; SUPER CONCENTRADO<\/p>\n<p>&nbsp;<\/p>\n","protected":false},"featured_media":412,"comment_status":"open","ping_status":"closed","template":"","meta":[],"product_brand":[29],"product_cat":[44],"product_tag":[],"class_list":{"0":"post-411","1":"product","2":"type-product","3":"status-publish","4":"has-post-thumbnail","6":"product_brand-vintex","7":"product_cat-limpeza-pneus-vonixx","9":"first","10":"instock","11":"taxable","12":"shipping-taxable","13":"purchasable","14":"product-type-simple"},"_links":{"self":[{"href":"https:\/\/danieldasbaterias.com\/index.php?rest_route=\/wp\/v2\/product\/411","targetHints":{"allow":["GET"]}}],"collection":[{"href":"https:\/\/danieldasbaterias.com\/index.php?rest_route=\/wp\/v2\/product"}],"about":[{"href":"https:\/\/danieldasbaterias.com\/index.php?rest_route=\/wp\/v2\/types\/product"}],"replies":[{"embeddable":true,"href":"https:\/\/danieldasbaterias.com\/index.php?rest_route=%2Fwp%2Fv2%2Fcomments&post=411"}],"wp:featuredmedia":[{"embeddable":true,"href":"https:\/\/danieldasbaterias.com\/index.php?rest_route=\/wp\/v2\/media\/412"}],"wp:attachment":[{"href":"https:\/\/danieldasbaterias.com\/index.php?rest_route=%2Fwp%2Fv2%2Fmedia&parent=411"}],"wp:term":[{"taxonomy":"product_brand","embeddable":true,"href":"https:\/\/danieldasbaterias.com\/index.php?rest_route=%2Fwp%2Fv2%2Fproduct_brand&post=411"},{"taxonomy":"product_cat","embeddable":true,"href":"https:\/\/danieldasbaterias.com\/index.php?rest_route=%2Fwp%2Fv2%2Fproduct_cat&post=411"},{"taxonomy":"product_tag","embeddable":true,"href":"https:\/\/danieldasbaterias.com\/index.php?rest_route=%2Fwp%2Fv2%2Fproduct_tag&post=411"}],"curies":[{"name":"wp","href":"https:\/\/api.w.org\/{rel}","templated":true}]}}