{"id":413,"date":"2025-03-19T12:02:59","date_gmt":"2025-03-19T15:02:59","guid":{"rendered":"https:\/\/danieldasbaterias.com\/?post_type=product&#038;p=413"},"modified":"2025-03-19T15:30:20","modified_gmt":"2025-03-19T18:30:20","slug":"rejuvex-black-400g-vintex","status":"publish","type":"product","link":"https:\/\/danieldasbaterias.com\/?product=rejuvex-black-400g-vintex","title":{"rendered":"REJUVEX BLACK 400G &#8211; VINTEX"},"content":{"rendered":"<p>Rejuvex Black \u00e9 um revitalizador de pl\u00e1sticos que renova e d\u00e1 brilho em plasticos externos de autom\u00f3veis. Desenvolvidos com mat\u00e9rias-primas especiais, o produto \u00e9 indicado para uso em oficinas de repintura automotiva, principalmente para os pl\u00e1sticos originalmente mais escuros.<\/p>\n<p>-N\u00e3o sai com \u00e1gua<br \/>\n-N\u00e3o cont\u00e9m silicone<br \/>\n-Excelente cobertura<\/p>\n<p><b>Modo de usar<\/b><br \/>\nLimpe bem a superf\u00edcie, aplique uma pequena quantidade do produto sobre a superf\u00edcie limpa e seca com um aplicador de espuma fazendo movimentos uniformes at\u00e9 a total cobertura da pe\u00e7a<\/p>\n<p>Recomenda\u00e7\u00f5es: Evite o uso em execesso. Se necess\u00e1rio, remova o excesso com uma toalha de microfibra<\/p>\n","protected":false},"excerpt":{"rendered":"<p>REVITALIZADOR DE PL\u00c1STICO EXTERNO<\/p>\n<p>&nbsp;<\/p>\n","protected":false},"featured_media":414,"comment_status":"open","ping_status":"closed","template":"","meta":[],"product_brand":[29],"product_cat":[32],"product_tag":[],"class_list":{"0":"post-413","1":"product","2":"type-product","3":"status-publish","4":"has-post-thumbnail","6":"product_brand-vintex","7":"product_cat-plastico-e-borrachas","9":"first","10":"instock","11":"taxable","12":"shipping-taxable","13":"purchasable","14":"product-type-simple"},"_links":{"self":[{"href":"https:\/\/danieldasbaterias.com\/index.php?rest_route=\/wp\/v2\/product\/413","targetHints":{"allow":["GET"]}}],"collection":[{"href":"https:\/\/danieldasbaterias.com\/index.php?rest_route=\/wp\/v2\/product"}],"about":[{"href":"https:\/\/danieldasbaterias.com\/index.php?rest_route=\/wp\/v2\/types\/product"}],"replies":[{"embeddable":true,"href":"https:\/\/danieldasbaterias.com\/index.php?rest_route=%2Fwp%2Fv2%2Fcomments&post=413"}],"wp:featuredmedia":[{"embeddable":true,"href":"https:\/\/danieldasbaterias.com\/index.php?rest_route=\/wp\/v2\/media\/414"}],"wp:attachment":[{"href":"https:\/\/danieldasbaterias.com\/index.php?rest_route=%2Fwp%2Fv2%2Fmedia&parent=413"}],"wp:term":[{"taxonomy":"product_brand","embeddable":true,"href":"https:\/\/danieldasbaterias.com\/index.php?rest_route=%2Fwp%2Fv2%2Fproduct_brand&post=413"},{"taxonomy":"product_cat","embeddable":true,"href":"https:\/\/danieldasbaterias.com\/index.php?rest_route=%2Fwp%2Fv2%2Fproduct_cat&post=413"},{"taxonomy":"product_tag","embeddable":true,"href":"https:\/\/danieldasbaterias.com\/index.php?rest_route=%2Fwp%2Fv2%2Fproduct_tag&post=413"}],"curies":[{"name":"wp","href":"https:\/\/api.w.org\/{rel}","templated":true}]}}