{"id":415,"date":"2025-03-19T15:21:50","date_gmt":"2025-03-19T18:21:50","guid":{"rendered":"https:\/\/danieldasbaterias.com\/?post_type=product&#038;p=415"},"modified":"2025-03-21T11:59:33","modified_gmt":"2025-03-21T14:59:33","slug":"removex-15l-vintex","status":"publish","type":"product","link":"https:\/\/danieldasbaterias.com\/?product=removex-15l-vintex","title":{"rendered":"REMOVEX 1,5L &#8211; VINTEX"},"content":{"rendered":"<p>Removex \u00e9 um desengraxante e limpador de chassi de alto poder de a\u00e7\u00e3o, desenvolvido para remover sujeiras pesadas como \u00f3leo, graxa, barro, lama, mat\u00e9ria org\u00e2nica de chassi, carrocerias de ferro e madeira.<\/p>\n<p><b>Modo de usar:<\/b><br \/>\n1. Para limpeza pesada, pulverizar o produto dilu\u00eddo na propor\u00e7\u00e3o de 1L para 10L de \u00e1gua na superf\u00edcie a ser aplicada<br \/>\n2. Aguardar entre 1 a 3 minutos e sem seguida enxaguar completamente com um jato d&#8217;\u00e1gua<br \/>\n3. Em caso de limpeza mais leve, o produto deve ser dilu\u00eddo em maior propor\u00e7\u00e3o<\/p>\n","protected":false},"excerpt":{"rendered":"<p>DESENGRAXANTE &#8211; LIMPADOR DE CHASSI &#8211; CARROCERIAS FERRO E MADEIRA<\/p>\n<p>&nbsp;<\/p>\n","protected":false},"featured_media":417,"comment_status":"open","ping_status":"closed","template":"","meta":[],"product_brand":[29],"product_cat":[37],"product_tag":[],"class_list":{"0":"post-415","1":"product","2":"type-product","3":"status-publish","4":"has-post-thumbnail","6":"product_brand-vintex","7":"product_cat-limpeza-externa-auto","9":"first","10":"instock","11":"taxable","12":"shipping-taxable","13":"purchasable","14":"product-type-simple"},"_links":{"self":[{"href":"https:\/\/danieldasbaterias.com\/index.php?rest_route=\/wp\/v2\/product\/415","targetHints":{"allow":["GET"]}}],"collection":[{"href":"https:\/\/danieldasbaterias.com\/index.php?rest_route=\/wp\/v2\/product"}],"about":[{"href":"https:\/\/danieldasbaterias.com\/index.php?rest_route=\/wp\/v2\/types\/product"}],"replies":[{"embeddable":true,"href":"https:\/\/danieldasbaterias.com\/index.php?rest_route=%2Fwp%2Fv2%2Fcomments&post=415"}],"wp:featuredmedia":[{"embeddable":true,"href":"https:\/\/danieldasbaterias.com\/index.php?rest_route=\/wp\/v2\/media\/417"}],"wp:attachment":[{"href":"https:\/\/danieldasbaterias.com\/index.php?rest_route=%2Fwp%2Fv2%2Fmedia&parent=415"}],"wp:term":[{"taxonomy":"product_brand","embeddable":true,"href":"https:\/\/danieldasbaterias.com\/index.php?rest_route=%2Fwp%2Fv2%2Fproduct_brand&post=415"},{"taxonomy":"product_cat","embeddable":true,"href":"https:\/\/danieldasbaterias.com\/index.php?rest_route=%2Fwp%2Fv2%2Fproduct_cat&post=415"},{"taxonomy":"product_tag","embeddable":true,"href":"https:\/\/danieldasbaterias.com\/index.php?rest_route=%2Fwp%2Fv2%2Fproduct_tag&post=415"}],"curies":[{"name":"wp","href":"https:\/\/api.w.org\/{rel}","templated":true}]}}