{"id":423,"date":"2025-03-19T16:04:29","date_gmt":"2025-03-19T19:04:29","guid":{"rendered":"https:\/\/danieldasbaterias.com\/?post_type=product&#038;p=423"},"modified":"2025-07-29T16:06:41","modified_gmt":"2025-07-29T19:06:41","slug":"restaurax-15l-vonixx","status":"publish","type":"product","link":"https:\/\/danieldasbaterias.com\/?product=restaurax-15l-vonixx","title":{"rendered":"RESTAURAX 1,5L &#8211; VONIXX"},"content":{"rendered":"<div>RESTAURAX foi desenvolvido para restaurar exclusivamente as superf\u00edcies pl\u00e1sticas externas do ve\u00edculo. O produto \u00e9 de f\u00e1cil aplica\u00e7\u00e3o e forma um excelente filme de prote\u00e7\u00e3o nos pain\u00e9is, nas portas laterais e para-choques.<\/div>\n<div><\/div>\n<div>MODO DE USO:<\/div>\n<div>1. Certifique-se de que a superf\u00edcie esteja limpa e seca.<\/div>\n<div>2. Aplique uma pequena n\u00e9voa do produto at\u00e9 cobrar totalmente a pe\u00e7a.<\/div>\n<div>3. Caso prefira um acabamento mais fosco, remova o excesso com uma toalha de microfibra.<\/div>\n","protected":false},"excerpt":{"rendered":"<div style=\"text-align: left;\"><strong>RESTAURA PL\u00c1STICO EXTERNOS &#8211; PAINEIS &#8211; PORTAS LATERIAS\u00a0 &#8211; PARACHOQUE<\/strong><\/div>\n<div><\/div>\n<div><\/div>\n","protected":false},"featured_media":424,"comment_status":"open","ping_status":"closed","template":"","meta":[],"product_brand":[27],"product_cat":[32],"product_tag":[],"class_list":{"0":"post-423","1":"product","2":"type-product","3":"status-publish","4":"has-post-thumbnail","6":"product_brand-vonixx","7":"product_cat-plastico-e-borrachas","9":"first","10":"instock","11":"taxable","12":"shipping-taxable","13":"purchasable","14":"product-type-simple"},"_links":{"self":[{"href":"https:\/\/danieldasbaterias.com\/index.php?rest_route=\/wp\/v2\/product\/423","targetHints":{"allow":["GET"]}}],"collection":[{"href":"https:\/\/danieldasbaterias.com\/index.php?rest_route=\/wp\/v2\/product"}],"about":[{"href":"https:\/\/danieldasbaterias.com\/index.php?rest_route=\/wp\/v2\/types\/product"}],"replies":[{"embeddable":true,"href":"https:\/\/danieldasbaterias.com\/index.php?rest_route=%2Fwp%2Fv2%2Fcomments&post=423"}],"wp:featuredmedia":[{"embeddable":true,"href":"https:\/\/danieldasbaterias.com\/index.php?rest_route=\/wp\/v2\/media\/424"}],"wp:attachment":[{"href":"https:\/\/danieldasbaterias.com\/index.php?rest_route=%2Fwp%2Fv2%2Fmedia&parent=423"}],"wp:term":[{"taxonomy":"product_brand","embeddable":true,"href":"https:\/\/danieldasbaterias.com\/index.php?rest_route=%2Fwp%2Fv2%2Fproduct_brand&post=423"},{"taxonomy":"product_cat","embeddable":true,"href":"https:\/\/danieldasbaterias.com\/index.php?rest_route=%2Fwp%2Fv2%2Fproduct_cat&post=423"},{"taxonomy":"product_tag","embeddable":true,"href":"https:\/\/danieldasbaterias.com\/index.php?rest_route=%2Fwp%2Fv2%2Fproduct_tag&post=423"}],"curies":[{"name":"wp","href":"https:\/\/api.w.org\/{rel}","templated":true}]}}