{"id":432,"date":"2025-03-19T16:20:16","date_gmt":"2025-03-19T19:20:16","guid":{"rendered":"https:\/\/danieldasbaterias.com\/?post_type=product&#038;p=432"},"modified":"2025-07-29T16:05:35","modified_gmt":"2025-07-29T19:05:35","slug":"strike-500ml-vonixx","status":"publish","type":"product","link":"https:\/\/danieldasbaterias.com\/?product=strike-500ml-vonixx","title":{"rendered":"STRIKE 500ML &#8211;  VONIXX"},"content":{"rendered":"<p>Strike \u00e9 um produto de f\u00f3rmula balanceada que age na remo\u00e7\u00e3o de piche e da maioria de res\u00edduos de colas de adesivos e etiquetas autocolantes em geral.<\/p>\n<p><b>Dilui\u00e7\u00e3o<\/b><br \/>\nPronto uso<\/p>\n<p><b>Informa\u00e7\u00f5es adicionais<\/b><br \/>\nStrike pode ser usado para remo\u00e7\u00e3o de sujeiras incrustadas.<br \/>\nN\u00e3o recomendamos o uso do produto em far\u00f3is ou superf\u00edcies de policarbonato.<\/p>\n<p>-N\u00e3o prejudica o verniz<br \/>\n-N\u00e3o causa mancha<br \/>\n-Remove a maioria das colas de adesivos<\/p>\n<p>Modo de uso:<br \/>\n1. Pulverize uma pequena quantidade do produto na \u00e1rea a ser limpa<br \/>\n2. Aguarde 1 minuto e esfregue o produto com ajuda de um pincel ou pano de microfibra at\u00e9 sentir o desprendimento da contamina\u00e7\u00e3o<br \/>\n3. Pulverize \u00e1gua em abund\u00e2ncia e continue esfregando para a remo\u00e7\u00e3o total do res\u00edduo<br \/>\n4. Seque a pe\u00e7a em seguida com uma microfibra limpa e seca.<\/p>\n<p>Obs: Se necess\u00e1rio repita a opera\u00e7\u00e3o; o produto tem afinidade com a maioria de tipos de colas de adesivos, por\u00e9m \u00e9 necess\u00e1rio um pequeno teste antes para ter a certeza da compatibilidade do produto com a contamina\u00e7\u00e3o.<\/p>\n","protected":false},"excerpt":{"rendered":"<p>LIMPEZA EXTERNA &#8211; REMO\u00c7\u00c3O DE PICHE &#8211; COLA &#8211; ADESIVOS<\/p>\n<p>&nbsp;<\/p>\n","protected":false},"featured_media":433,"comment_status":"open","ping_status":"closed","template":"","meta":[],"product_brand":[27],"product_cat":[37],"product_tag":[],"class_list":{"0":"post-432","1":"product","2":"type-product","3":"status-publish","4":"has-post-thumbnail","6":"product_brand-vonixx","7":"product_cat-limpeza-externa-auto","9":"first","10":"instock","11":"taxable","12":"shipping-taxable","13":"purchasable","14":"product-type-simple"},"_links":{"self":[{"href":"https:\/\/danieldasbaterias.com\/index.php?rest_route=\/wp\/v2\/product\/432","targetHints":{"allow":["GET"]}}],"collection":[{"href":"https:\/\/danieldasbaterias.com\/index.php?rest_route=\/wp\/v2\/product"}],"about":[{"href":"https:\/\/danieldasbaterias.com\/index.php?rest_route=\/wp\/v2\/types\/product"}],"replies":[{"embeddable":true,"href":"https:\/\/danieldasbaterias.com\/index.php?rest_route=%2Fwp%2Fv2%2Fcomments&post=432"}],"wp:featuredmedia":[{"embeddable":true,"href":"https:\/\/danieldasbaterias.com\/index.php?rest_route=\/wp\/v2\/media\/433"}],"wp:attachment":[{"href":"https:\/\/danieldasbaterias.com\/index.php?rest_route=%2Fwp%2Fv2%2Fmedia&parent=432"}],"wp:term":[{"taxonomy":"product_brand","embeddable":true,"href":"https:\/\/danieldasbaterias.com\/index.php?rest_route=%2Fwp%2Fv2%2Fproduct_brand&post=432"},{"taxonomy":"product_cat","embeddable":true,"href":"https:\/\/danieldasbaterias.com\/index.php?rest_route=%2Fwp%2Fv2%2Fproduct_cat&post=432"},{"taxonomy":"product_tag","embeddable":true,"href":"https:\/\/danieldasbaterias.com\/index.php?rest_route=%2Fwp%2Fv2%2Fproduct_tag&post=432"}],"curies":[{"name":"wp","href":"https:\/\/api.w.org\/{rel}","templated":true}]}}