{"id":437,"date":"2025-03-19T16:32:49","date_gmt":"2025-03-19T19:32:49","guid":{"rendered":"https:\/\/danieldasbaterias.com\/?post_type=product&#038;p=437"},"modified":"2025-03-19T16:32:50","modified_gmt":"2025-03-19T19:32:50","slug":"v30-lustro-verniz-asiatico-500ml-vonixx","status":"publish","type":"product","link":"https:\/\/danieldasbaterias.com\/?product=v30-lustro-verniz-asiatico-500ml-vonixx","title":{"rendered":"V30 &#8211; LUSTRO VERNIZ ASIATICO 500ML &#8211; VONIXX"},"content":{"rendered":"<p>O Polidor V30 \u00e9 um composto lustrador da linha asi\u00e1tica, projetado especialmente para pinturas de verniz macio. Seu uso \u00e9 indicado para remo\u00e7\u00e3o de hologramas e marcas superficiais na etapa de lustro, proporcionando brilho intenso e porfundo.<\/p>\n<p><b>Dilui\u00e7\u00e3o<\/b><br \/>\nPronto uso<\/p>\n<p><b>Uso recomendado<\/b><br \/>\nPintura, superficie cromada, black piano e rodas<\/p>\n<p><b>Boina ideial para etapa de lustro<\/b><br \/>\nUtilize a boina de espuma de refino e lustro ou boina de lustro voxer<br \/>\nTrabalhe em \u00e1reas de 50x50cm<br \/>\nRealize passadas cruzadas sobrepostas at\u00e9 que o produto forme uma pel\u00edcula fina e transparante sobre a pe\u00e7a<\/p>\n<p><b>Rota\u00e7\u00e3o de trabalho(Politriz rotativa\/Roto orbital)<\/b><br \/>\nPolitriz rotativa: velocidade de trabalho 800 a 1000 rpm<br \/>\nPolitriz roto orbital: velocidade de trabalho de 1600 a 2240 opm<\/p>\n<p><b>Informa\u00e7\u00f5es adicionais<\/b><br \/>\nEste produto n\u00e3o deve ser utilizado em pl\u00e1stico, couro e vidro<\/p>\n<p><b>Precau\u00e7\u00f5es<\/b><br \/>\nCuidado! Perigosa sua ingest\u00e3o. Evite contato prolongado com a pele. Lavar as m\u00e3os ap\u00f3s o uso. Conserve fora do alcance das crian\u00e7as e animais dom\u00e9sticos.<\/p>\n<p>-Alto rendimento<br \/>\n-Ideal para vernizes asi\u00e1ticos ou macios<br \/>\n-Promove excelente acabamento<\/p>\n<p><b>Modo de uso<\/b><br \/>\n1. Agitar bem antes de usar. Certificar-se de que a superf\u00edcie esteja limpa e fria<br \/>\n2. Aplicar pequena quantidade do produto sobre a boina e com o equipamento desligado, espalhar o produto na \u00e1rea a ser trabalhada, a fim de evitar respingos<br \/>\n3. Utilizar politriz com boina adequada, velocidade entre 800 a 1200 rpm para rotativa ou 2000 a 4000 opm para roto-orbital<br \/>\n4. Iniciar o polimento em \u00e1rea de aproximadamente 70x70cm, exercendo leve press\u00e3o<br \/>\n5. Observar o brilho desejado. Se for preciso, remover o excesso do produto com aux\u00edlio de toalha de microfibra<\/p>\n","protected":false},"excerpt":{"rendered":"<p>LUSTRADOR &#8211; REMO\u00c7\u00c3O DE HOLOGRAMA &#8211; MARCAS<\/p>\n<p>&nbsp;<\/p>\n","protected":false},"featured_media":438,"comment_status":"open","ping_status":"closed","template":"","meta":[],"product_brand":[27],"product_cat":[36],"product_tag":[],"class_list":{"0":"post-437","1":"product","2":"type-product","3":"status-publish","4":"has-post-thumbnail","6":"product_brand-vonixx","7":"product_cat-cera-e-polimento","9":"first","10":"instock","11":"taxable","12":"shipping-taxable","13":"purchasable","14":"product-type-simple"},"_links":{"self":[{"href":"https:\/\/danieldasbaterias.com\/index.php?rest_route=\/wp\/v2\/product\/437","targetHints":{"allow":["GET"]}}],"collection":[{"href":"https:\/\/danieldasbaterias.com\/index.php?rest_route=\/wp\/v2\/product"}],"about":[{"href":"https:\/\/danieldasbaterias.com\/index.php?rest_route=\/wp\/v2\/types\/product"}],"replies":[{"embeddable":true,"href":"https:\/\/danieldasbaterias.com\/index.php?rest_route=%2Fwp%2Fv2%2Fcomments&post=437"}],"wp:featuredmedia":[{"embeddable":true,"href":"https:\/\/danieldasbaterias.com\/index.php?rest_route=\/wp\/v2\/media\/438"}],"wp:attachment":[{"href":"https:\/\/danieldasbaterias.com\/index.php?rest_route=%2Fwp%2Fv2%2Fmedia&parent=437"}],"wp:term":[{"taxonomy":"product_brand","embeddable":true,"href":"https:\/\/danieldasbaterias.com\/index.php?rest_route=%2Fwp%2Fv2%2Fproduct_brand&post=437"},{"taxonomy":"product_cat","embeddable":true,"href":"https:\/\/danieldasbaterias.com\/index.php?rest_route=%2Fwp%2Fv2%2Fproduct_cat&post=437"},{"taxonomy":"product_tag","embeddable":true,"href":"https:\/\/danieldasbaterias.com\/index.php?rest_route=%2Fwp%2Fv2%2Fproduct_tag&post=437"}],"curies":[{"name":"wp","href":"https:\/\/api.w.org\/{rel}","templated":true}]}}