{"id":439,"date":"2025-03-19T16:35:21","date_gmt":"2025-03-19T19:35:21","guid":{"rendered":"https:\/\/danieldasbaterias.com\/?post_type=product&#038;p=439"},"modified":"2025-03-21T11:56:56","modified_gmt":"2025-03-21T14:56:56","slug":"verniz-de-motor-aerossol-400ml-vonixx","status":"publish","type":"product","link":"https:\/\/danieldasbaterias.com\/?product=verniz-de-motor-aerossol-400ml-vonixx","title":{"rendered":"VERNIZ DE MOTOR AEROSSOL 400ML &#8211; VONIXX"},"content":{"rendered":"<p>O Verniz de Motor Vonixx protege, d\u00e1 brilho e renova todas as superf\u00edcies existentes no cofre do motor, como partes met\u00e1licas, pl\u00e1sticas, superf\u00edcies pintadas e mangueiras de borracha. O produto forma um filme levemente lubrificado resistente a altas temperaturas e protege por at\u00e9 6 meses.<\/p>\n<p>MODO DE USO:<\/p>\n<p>Obs.: Aplicar o produto em ambiente aberto e com o motor desligado.<\/p>\n<p>1- Certifique-se de que a superf\u00edcie esteja limpa, seca e fria.<\/p>\n<p>2- Aplique uma pequena n\u00e9voa do produto at\u00e9 cobrir totalmente a pe\u00e7a.<\/p>\n<p>3- Aguarde secar por 15 minutos.<\/p>\n<p>4- Caso prefira um acabamento mais fosco, remova o excesso com uma toalha de microfibra limpa e seca.<br \/>\nFILME DE PROTE\u00c7\u00c3O\u00a0 | EVITA OXIDA\u00c7\u00c3O | RESISTENTE A ALTAS TEMPERATURAS<\/p>\n","protected":false},"excerpt":{"rendered":"<p>MOTOR &#8211; RENOVA PARTES METALICAS &#8211; MANGUEIRAS E BORRACHAS &#8211; PROTEGE POR AT\u00c9 6 MESES<\/p>\n<p>&nbsp;<\/p>\n","protected":false},"featured_media":440,"comment_status":"open","ping_status":"closed","template":"","meta":[],"product_brand":[27],"product_cat":[35],"product_tag":[],"class_list":{"0":"post-439","1":"product","2":"type-product","3":"status-publish","4":"has-post-thumbnail","6":"product_brand-vonixx","7":"product_cat-limpeza-interna-auto","9":"first","10":"instock","11":"taxable","12":"shipping-taxable","13":"purchasable","14":"product-type-simple"},"_links":{"self":[{"href":"https:\/\/danieldasbaterias.com\/index.php?rest_route=\/wp\/v2\/product\/439","targetHints":{"allow":["GET"]}}],"collection":[{"href":"https:\/\/danieldasbaterias.com\/index.php?rest_route=\/wp\/v2\/product"}],"about":[{"href":"https:\/\/danieldasbaterias.com\/index.php?rest_route=\/wp\/v2\/types\/product"}],"replies":[{"embeddable":true,"href":"https:\/\/danieldasbaterias.com\/index.php?rest_route=%2Fwp%2Fv2%2Fcomments&post=439"}],"wp:featuredmedia":[{"embeddable":true,"href":"https:\/\/danieldasbaterias.com\/index.php?rest_route=\/wp\/v2\/media\/440"}],"wp:attachment":[{"href":"https:\/\/danieldasbaterias.com\/index.php?rest_route=%2Fwp%2Fv2%2Fmedia&parent=439"}],"wp:term":[{"taxonomy":"product_brand","embeddable":true,"href":"https:\/\/danieldasbaterias.com\/index.php?rest_route=%2Fwp%2Fv2%2Fproduct_brand&post=439"},{"taxonomy":"product_cat","embeddable":true,"href":"https:\/\/danieldasbaterias.com\/index.php?rest_route=%2Fwp%2Fv2%2Fproduct_cat&post=439"},{"taxonomy":"product_tag","embeddable":true,"href":"https:\/\/danieldasbaterias.com\/index.php?rest_route=%2Fwp%2Fv2%2Fproduct_tag&post=439"}],"curies":[{"name":"wp","href":"https:\/\/api.w.org\/{rel}","templated":true}]}}