{"id":441,"date":"2025-03-21T11:32:39","date_gmt":"2025-03-21T14:32:39","guid":{"rendered":"https:\/\/danieldasbaterias.com\/?post_type=product&#038;p=441"},"modified":"2026-02-15T21:50:00","modified_gmt":"2026-02-16T00:50:00","slug":"vertex-500ml-vonixx","status":"publish","type":"product","link":"https:\/\/danieldasbaterias.com\/?product=vertex-500ml-vonixx","title":{"rendered":"VERTEX 500ML &#8211; VONIXX"},"content":{"rendered":"<div>Vertex \u00e9 um limpador de estofados automotivos e residenciais. O produto tem alta concentra\u00e7\u00e3o de ativos a fim de aumentar o rendimento e limpar com efici\u00eancia. Observa\u00e7\u00f5es importantes: Em caso de contato com cer\u00e2mica ou porcelanato, recomendamos enxaguar imediatamente para evitar poss\u00edveis manchas. O produto \u00e9 alcalino e recomendamos o uso de \u00f3culos e luvas. N\u00e3o recomendado para tecidos naturais como linho, seda, l\u00e3 e demais tecidos naturais, pois poder\u00e1 causar manchas. Em caso de limpeza de estofados automotivo, evitar respingar o produto em outras superf\u00edcies do ve\u00edculo, tais como: couro, vidros, pl\u00e1sticos e demais superf\u00edcies internas do carro a fim de evitar manchas.<\/div>\n<div><\/div>\n<ul>\n<li>LIMPADOR DE ESTOFADOS<\/li>\n<li>LIMPEZA PROFUNDA<\/li>\n<li>ALTO RENDIMENTO<\/li>\n<\/ul>\n<div><\/div>\n<div>MODO DE USO:<\/div>\n<div><\/div>\n<div>1. Proteger todas as \u00e1reas que n\u00e3o ser\u00e3o higienizadas.<\/div>\n<div>2. Aspirar a sujeira solta na \u00e1rea a ser limpa.<\/div>\n<div>3. Pulverizar o produto j\u00e1 dilu\u00eddo em toda \u00e1rea a ser limpa.<\/div>\n<div>4. Fazer a\u00e7\u00e3o mec\u00e2nica utilizando escova manual ou com aux\u00edlio de m\u00e1quinas rotativas.<\/div>\n<div>5. Enxaguar bem com \u00e1gua limpa para n\u00e3o deixar residual de produto.<\/div>\n<div>6. Se necess\u00e1rio repetir a opera\u00e7\u00e3o.<\/div>\n<div><\/div>\n<div>Sugest\u00f5es de dilui\u00e7\u00e3o:<\/div>\n<div>Sujeira pesada acumulada por muito tempo: 1:20 | Sujeira m\u00e9dia: 1:40<\/div>\n<div>Sujeira leve: 1:80<\/div>\n<div>Obs: As dilui\u00e7\u00f5es s\u00e3o sugestivas e poder\u00e3o ser alteradas para mais ou para menos de acordo com a necessidade.<\/div>\n","protected":false},"excerpt":{"rendered":"<div>\n<p>LIMPADOR DE ESTOFADOS AUTOMOTIVOS E RESIDENCIAS &#8211; LIMPEZA PROFUNDA<\/p>\n<\/div>\n","protected":false},"featured_media":442,"comment_status":"open","ping_status":"closed","template":"","meta":[],"product_brand":[27],"product_cat":[39],"product_tag":[],"class_list":{"0":"post-441","1":"product","2":"type-product","3":"status-publish","4":"has-post-thumbnail","6":"product_brand-vonixx","7":"product_cat-limpeza-estofado-auto","9":"first","10":"instock","11":"taxable","12":"shipping-taxable","13":"purchasable","14":"product-type-simple"},"_links":{"self":[{"href":"https:\/\/danieldasbaterias.com\/index.php?rest_route=\/wp\/v2\/product\/441","targetHints":{"allow":["GET"]}}],"collection":[{"href":"https:\/\/danieldasbaterias.com\/index.php?rest_route=\/wp\/v2\/product"}],"about":[{"href":"https:\/\/danieldasbaterias.com\/index.php?rest_route=\/wp\/v2\/types\/product"}],"replies":[{"embeddable":true,"href":"https:\/\/danieldasbaterias.com\/index.php?rest_route=%2Fwp%2Fv2%2Fcomments&post=441"}],"wp:featuredmedia":[{"embeddable":true,"href":"https:\/\/danieldasbaterias.com\/index.php?rest_route=\/wp\/v2\/media\/442"}],"wp:attachment":[{"href":"https:\/\/danieldasbaterias.com\/index.php?rest_route=%2Fwp%2Fv2%2Fmedia&parent=441"}],"wp:term":[{"taxonomy":"product_brand","embeddable":true,"href":"https:\/\/danieldasbaterias.com\/index.php?rest_route=%2Fwp%2Fv2%2Fproduct_brand&post=441"},{"taxonomy":"product_cat","embeddable":true,"href":"https:\/\/danieldasbaterias.com\/index.php?rest_route=%2Fwp%2Fv2%2Fproduct_cat&post=441"},{"taxonomy":"product_tag","embeddable":true,"href":"https:\/\/danieldasbaterias.com\/index.php?rest_route=%2Fwp%2Fv2%2Fproduct_tag&post=441"}],"curies":[{"name":"wp","href":"https:\/\/api.w.org\/{rel}","templated":true}]}}