{"id":454,"date":"2025-03-21T11:45:04","date_gmt":"2025-03-21T14:45:04","guid":{"rendered":"https:\/\/danieldasbaterias.com\/?post_type=product&#038;p=454"},"modified":"2025-03-21T11:53:48","modified_gmt":"2025-03-21T14:53:48","slug":"v-floc-5l-vonixx","status":"publish","type":"product","link":"https:\/\/danieldasbaterias.com\/?product=v-floc-5l-vonixx","title":{"rendered":"V-FLOC 5L &#8211; VONIXX"},"content":{"rendered":"<p>V-Floc \u00e9 um lava autos de alta performance e de pH neutro. Sua f\u00f3rmula cont\u00e9m agentes condicionadores e tensoativos especiais que proporcionam uma lavagem suave e eficiente. V-Floc tem alto grau de lubrifica\u00e7\u00e3o, promovendo redu\u00e7\u00e3o significativa do coeficiente de atrito, proporcionando um melhor deslize da luva microfibra e reduzindo de forma efetiva as chances de microrriscos na pintura. V-Floc tamb\u00e9m promove brilho e aspecto de renova\u00e7\u00e3o da pintura.<\/p>\n<p><b>Dilui\u00e7\u00e3o<\/b><br \/>\n1:20 &#8211; Uso na Snow Foam<br \/>\n1:400 &#8211; Lavagem comum com balde<\/p>\n<p><b>Informa\u00e7\u00f5es adicionais<\/b><br \/>\ntem alto grau de lubrifica\u00e7\u00e3o e proporciona lavagem suave<br \/>\nTem poder de limpeza de um shampoo com poder desengraxante<\/p>\n<p><b>Redimento<\/b><br \/>\n1,5L: at\u00e9 600 litros de solu\u00e7\u00e3o<\/p>\n<p>-PH neutro<br \/>\n-Alto redimento<br \/>\n-Limpeza e condiciona<\/p>\n<p><b>Mode de usar<\/b><br \/>\n1. Realizar a pr\u00e9-lavagem do ve\u00edculo para retirada do excesso de sujeira;<br \/>\n2. Diluir aproximadamente 10ml de V-FLOC em 4 litros de \u00e1gua; Recomendamos ajustar quantidade de produto de acordo com o n\u00edvel de sujeira;<br \/>\n3. Iniciar a lavagem com o aux\u00edlio de luva de microfibra, sempre come\u00e7ando pela parte superior do ve\u00edculo;<br \/>\n4. Mergular a luva na solu\u00e7\u00e3o e esfregar suavemente, a\u00e9 completar todo o ve\u00edculo;<br \/>\n5. Enxague em seguida at\u00e9 a retirada de todo o produto;<br \/>\n6. Recomendamos o uso da toalha de secagem para finalizar<\/p>\n","protected":false},"excerpt":{"rendered":"<p>LAVA AUTO &#8211; LAVAGEM SUAVE E EFICENTE<\/p>\n<p>&nbsp;<\/p>\n","protected":false},"featured_media":455,"comment_status":"open","ping_status":"closed","template":"","meta":[],"product_brand":[27],"product_cat":[37],"product_tag":[],"class_list":{"0":"post-454","1":"product","2":"type-product","3":"status-publish","4":"has-post-thumbnail","6":"product_brand-vonixx","7":"product_cat-limpeza-externa-auto","9":"first","10":"instock","11":"taxable","12":"shipping-taxable","13":"purchasable","14":"product-type-simple"},"_links":{"self":[{"href":"https:\/\/danieldasbaterias.com\/index.php?rest_route=\/wp\/v2\/product\/454","targetHints":{"allow":["GET"]}}],"collection":[{"href":"https:\/\/danieldasbaterias.com\/index.php?rest_route=\/wp\/v2\/product"}],"about":[{"href":"https:\/\/danieldasbaterias.com\/index.php?rest_route=\/wp\/v2\/types\/product"}],"replies":[{"embeddable":true,"href":"https:\/\/danieldasbaterias.com\/index.php?rest_route=%2Fwp%2Fv2%2Fcomments&post=454"}],"wp:featuredmedia":[{"embeddable":true,"href":"https:\/\/danieldasbaterias.com\/index.php?rest_route=\/wp\/v2\/media\/455"}],"wp:attachment":[{"href":"https:\/\/danieldasbaterias.com\/index.php?rest_route=%2Fwp%2Fv2%2Fmedia&parent=454"}],"wp:term":[{"taxonomy":"product_brand","embeddable":true,"href":"https:\/\/danieldasbaterias.com\/index.php?rest_route=%2Fwp%2Fv2%2Fproduct_brand&post=454"},{"taxonomy":"product_cat","embeddable":true,"href":"https:\/\/danieldasbaterias.com\/index.php?rest_route=%2Fwp%2Fv2%2Fproduct_cat&post=454"},{"taxonomy":"product_tag","embeddable":true,"href":"https:\/\/danieldasbaterias.com\/index.php?rest_route=%2Fwp%2Fv2%2Fproduct_tag&post=454"}],"curies":[{"name":"wp","href":"https:\/\/api.w.org\/{rel}","templated":true}]}}