{"id":484,"date":"2025-03-21T15:55:06","date_gmt":"2025-03-21T18:55:06","guid":{"rendered":"https:\/\/danieldasbaterias.com\/?post_type=product&#038;p=484"},"modified":"2026-01-28T15:22:13","modified_gmt":"2026-01-28T18:22:13","slug":"bateria-moura-48ah","status":"publish","type":"product","link":"https:\/\/danieldasbaterias.com\/?product=bateria-moura-48ah","title":{"rendered":"BATERIA MOURA 40AH SD IMPORTADA"},"content":{"rendered":"<p>Bateria Automotiva Moura 40ah SD importada para Honda, JAC e outros &#8211; CCA 260 &#8211; Livre manuten\u00e7\u00e3o &#8211; 24 meses de garantia de f\u00e1brica.<\/p>\n<p>Venda condicionada a devolu\u00e7\u00e3o da sucata do mesmo ampere (ah).<\/p>\n","protected":false},"excerpt":{"rendered":"<p>Bateria Automotiva Moura 40ah SD importada para Honda, JAC e outros &#8211; CCA 260 &#8211; Livre manuten\u00e7\u00e3o &#8211; 24 meses de garantia de f\u00e1brica. Venda condicionada a devolu\u00e7\u00e3o da sucata do mesmo ampere (ah).<\/p>\n","protected":false},"featured_media":487,"comment_status":"open","ping_status":"closed","template":"","meta":[],"product_brand":[18],"product_cat":[47],"product_tag":[],"class_list":{"0":"post-484","1":"product","2":"type-product","3":"status-publish","4":"has-post-thumbnail","6":"product_brand-moura","7":"product_cat-bateria-45ah","9":"first","10":"instock","11":"taxable","12":"shipping-taxable","13":"purchasable","14":"product-type-simple"},"_links":{"self":[{"href":"https:\/\/danieldasbaterias.com\/index.php?rest_route=\/wp\/v2\/product\/484","targetHints":{"allow":["GET"]}}],"collection":[{"href":"https:\/\/danieldasbaterias.com\/index.php?rest_route=\/wp\/v2\/product"}],"about":[{"href":"https:\/\/danieldasbaterias.com\/index.php?rest_route=\/wp\/v2\/types\/product"}],"replies":[{"embeddable":true,"href":"https:\/\/danieldasbaterias.com\/index.php?rest_route=%2Fwp%2Fv2%2Fcomments&post=484"}],"wp:featuredmedia":[{"embeddable":true,"href":"https:\/\/danieldasbaterias.com\/index.php?rest_route=\/wp\/v2\/media\/487"}],"wp:attachment":[{"href":"https:\/\/danieldasbaterias.com\/index.php?rest_route=%2Fwp%2Fv2%2Fmedia&parent=484"}],"wp:term":[{"taxonomy":"product_brand","embeddable":true,"href":"https:\/\/danieldasbaterias.com\/index.php?rest_route=%2Fwp%2Fv2%2Fproduct_brand&post=484"},{"taxonomy":"product_cat","embeddable":true,"href":"https:\/\/danieldasbaterias.com\/index.php?rest_route=%2Fwp%2Fv2%2Fproduct_cat&post=484"},{"taxonomy":"product_tag","embeddable":true,"href":"https:\/\/danieldasbaterias.com\/index.php?rest_route=%2Fwp%2Fv2%2Fproduct_tag&post=484"}],"curies":[{"name":"wp","href":"https:\/\/api.w.org\/{rel}","templated":true}]}}