{"id":495,"date":"2025-03-25T14:27:13","date_gmt":"2025-03-25T17:27:13","guid":{"rendered":"https:\/\/danieldasbaterias.com\/?post_type=product&#038;p=495"},"modified":"2026-01-28T15:19:15","modified_gmt":"2026-01-28T18:19:15","slug":"bateria-moura-100ah-he","status":"publish","type":"product","link":"https:\/\/danieldasbaterias.com\/?product=bateria-moura-100ah-he","title":{"rendered":"BATERIA MOURA 100AH HE"},"content":{"rendered":"<p>Bateria Automotiva Moura 100ah &#8211; CCA 700 &#8211; Livre manuten\u00e7\u00e3o &#8211; 15 meses de garantia de f\u00e1brica.<\/p>\n<p>Venda condicionada a devolu\u00e7\u00e3o da sucata do mesmo ampere (ah).<\/p>\n","protected":false},"excerpt":{"rendered":"<p>Bateria Automotiva Moura 100ah &#8211; CCA 700 &#8211; Livre manuten\u00e7\u00e3o &#8211; 15 meses de garantia de f\u00e1brica. Venda condicionada a devolu\u00e7\u00e3o da sucata do mesmo ampere (ah).<\/p>\n","protected":false},"featured_media":482,"comment_status":"open","ping_status":"closed","template":"","meta":[],"product_brand":[18],"product_cat":[48],"product_tag":[],"class_list":{"0":"post-495","1":"product","2":"type-product","3":"status-publish","4":"has-post-thumbnail","6":"product_brand-moura","7":"product_cat-bateria-100ah","9":"first","10":"instock","11":"taxable","12":"shipping-taxable","13":"purchasable","14":"product-type-simple"},"_links":{"self":[{"href":"https:\/\/danieldasbaterias.com\/index.php?rest_route=\/wp\/v2\/product\/495","targetHints":{"allow":["GET"]}}],"collection":[{"href":"https:\/\/danieldasbaterias.com\/index.php?rest_route=\/wp\/v2\/product"}],"about":[{"href":"https:\/\/danieldasbaterias.com\/index.php?rest_route=\/wp\/v2\/types\/product"}],"replies":[{"embeddable":true,"href":"https:\/\/danieldasbaterias.com\/index.php?rest_route=%2Fwp%2Fv2%2Fcomments&post=495"}],"wp:featuredmedia":[{"embeddable":true,"href":"https:\/\/danieldasbaterias.com\/index.php?rest_route=\/wp\/v2\/media\/482"}],"wp:attachment":[{"href":"https:\/\/danieldasbaterias.com\/index.php?rest_route=%2Fwp%2Fv2%2Fmedia&parent=495"}],"wp:term":[{"taxonomy":"product_brand","embeddable":true,"href":"https:\/\/danieldasbaterias.com\/index.php?rest_route=%2Fwp%2Fv2%2Fproduct_brand&post=495"},{"taxonomy":"product_cat","embeddable":true,"href":"https:\/\/danieldasbaterias.com\/index.php?rest_route=%2Fwp%2Fv2%2Fproduct_cat&post=495"},{"taxonomy":"product_tag","embeddable":true,"href":"https:\/\/danieldasbaterias.com\/index.php?rest_route=%2Fwp%2Fv2%2Fproduct_tag&post=495"}],"curies":[{"name":"wp","href":"https:\/\/api.w.org\/{rel}","templated":true}]}}