{"id":512,"date":"2025-04-03T16:11:38","date_gmt":"2025-04-03T19:11:38","guid":{"rendered":"https:\/\/danieldasbaterias.com\/?post_type=product&#038;p=512"},"modified":"2025-04-03T16:13:30","modified_gmt":"2025-04-03T19:13:30","slug":"bateria-voltron-60ah","status":"publish","type":"product","link":"https:\/\/danieldasbaterias.com\/?product=bateria-voltron-60ah","title":{"rendered":"BATERIA VOLTRON 60AH"},"content":{"rendered":"<p>Bateria Automotiva Voltron 60ah &#8211; CCA 480 &#8211; Livre de manuten\u00e7\u00e3o &#8211; 24 meses de garantia de fabrica.<\/p>\n<p>Venda condicionada a devolu\u00e7\u00e3o da sucata do mesmo ampere (ah).<\/p>\n","protected":false},"excerpt":{"rendered":"<p>Bateria Automotiva Voltron 60ah &#8211; CCA 480 &#8211; Livre de manuten\u00e7\u00e3o &#8211; 24 meses de garantia de fabrica. Venda condicionada a devolu\u00e7\u00e3o da sucata do mesmo ampere (ah).<\/p>\n","protected":false},"featured_media":513,"comment_status":"open","ping_status":"closed","template":"","meta":[],"product_brand":[57],"product_cat":[46],"product_tag":[],"class_list":{"0":"post-512","1":"product","2":"type-product","3":"status-publish","4":"has-post-thumbnail","6":"product_brand-voltron","7":"product_cat-bateria-60ah","9":"first","10":"instock","11":"taxable","12":"shipping-taxable","13":"purchasable","14":"product-type-simple"},"_links":{"self":[{"href":"https:\/\/danieldasbaterias.com\/index.php?rest_route=\/wp\/v2\/product\/512","targetHints":{"allow":["GET"]}}],"collection":[{"href":"https:\/\/danieldasbaterias.com\/index.php?rest_route=\/wp\/v2\/product"}],"about":[{"href":"https:\/\/danieldasbaterias.com\/index.php?rest_route=\/wp\/v2\/types\/product"}],"replies":[{"embeddable":true,"href":"https:\/\/danieldasbaterias.com\/index.php?rest_route=%2Fwp%2Fv2%2Fcomments&post=512"}],"wp:featuredmedia":[{"embeddable":true,"href":"https:\/\/danieldasbaterias.com\/index.php?rest_route=\/wp\/v2\/media\/513"}],"wp:attachment":[{"href":"https:\/\/danieldasbaterias.com\/index.php?rest_route=%2Fwp%2Fv2%2Fmedia&parent=512"}],"wp:term":[{"taxonomy":"product_brand","embeddable":true,"href":"https:\/\/danieldasbaterias.com\/index.php?rest_route=%2Fwp%2Fv2%2Fproduct_brand&post=512"},{"taxonomy":"product_cat","embeddable":true,"href":"https:\/\/danieldasbaterias.com\/index.php?rest_route=%2Fwp%2Fv2%2Fproduct_cat&post=512"},{"taxonomy":"product_tag","embeddable":true,"href":"https:\/\/danieldasbaterias.com\/index.php?rest_route=%2Fwp%2Fv2%2Fproduct_tag&post=512"}],"curies":[{"name":"wp","href":"https:\/\/api.w.org\/{rel}","templated":true}]}}