{"id":678,"date":"2025-08-07T10:32:14","date_gmt":"2025-08-07T13:32:14","guid":{"rendered":"https:\/\/danieldasbaterias.com\/?post_type=product&#038;p=678"},"modified":"2025-08-07T10:50:01","modified_gmt":"2025-08-07T13:50:01","slug":"kit-de-5-pinceis-detalhamento-externo","status":"publish","type":"product","link":"https:\/\/danieldasbaterias.com\/?product=kit-de-5-pinceis-detalhamento-externo","title":{"rendered":"KIT DE 5 PINC\u00c9IS DETALHAMENTO EXTERNO"},"content":{"rendered":"<div class=\"board_htm\">\n<p>Kit de pinc\u00e9is de detalhamento desenvolvido para cuidados com o carro, moto e limpeza de pe\u00e7as em geral. Composto por cerdas sint\u00e9ticas dur\u00e1veis e flex\u00edveis, sendo ideal para limpeza das partes externas do ve\u00edculo ou moto<\/p>\n<p><b>Indica\u00e7\u00f5es de uso<\/b><br \/>\nIndicado para limpeza de rodas, escapamento, chassis, parafusos, cantos de vidros, motor, grandes, cantos de far\u00f3is, soleiras, para-choques, cantos do para-brisas, para-lamas, ma\u00e7aneta da porta, corrente da moto e outros<\/p>\n<p><b>Informa\u00e7\u00f5es adicionais<\/b><br \/>\nCont\u00e9m 5 pe\u00e7as<\/p>\n<p><b>Caracter\u00edsticas<\/b><br \/>\n-Cerdas sint\u00e9ticas flex\u00edveis de alta qualidade<br \/>\n-Resistente a diversos produtos qu\u00edmicos<br \/>\n-Possui furo no cabo para pendurar<br \/>\n-N\u00e3o risca a superf\u00edcie<br \/>\n-Cabo em polipropileno(PP) resistente<br \/>\n-Design ergon\u00f4mico<br \/>\n-Pode ser usada em local seco ou molhado<\/p>\n<\/div>\n","protected":false},"excerpt":{"rendered":"<p>LIMPEZA<\/p>\n","protected":false},"featured_media":679,"comment_status":"open","ping_status":"closed","template":"","meta":[],"product_brand":[27],"product_cat":[67],"product_tag":[],"class_list":{"0":"post-678","1":"product","2":"type-product","3":"status-publish","4":"has-post-thumbnail","6":"product_brand-vonixx","7":"product_cat-limpeza","9":"first","10":"instock","11":"taxable","12":"shipping-taxable","13":"purchasable","14":"product-type-simple"},"_links":{"self":[{"href":"https:\/\/danieldasbaterias.com\/index.php?rest_route=\/wp\/v2\/product\/678","targetHints":{"allow":["GET"]}}],"collection":[{"href":"https:\/\/danieldasbaterias.com\/index.php?rest_route=\/wp\/v2\/product"}],"about":[{"href":"https:\/\/danieldasbaterias.com\/index.php?rest_route=\/wp\/v2\/types\/product"}],"replies":[{"embeddable":true,"href":"https:\/\/danieldasbaterias.com\/index.php?rest_route=%2Fwp%2Fv2%2Fcomments&post=678"}],"wp:featuredmedia":[{"embeddable":true,"href":"https:\/\/danieldasbaterias.com\/index.php?rest_route=\/wp\/v2\/media\/679"}],"wp:attachment":[{"href":"https:\/\/danieldasbaterias.com\/index.php?rest_route=%2Fwp%2Fv2%2Fmedia&parent=678"}],"wp:term":[{"taxonomy":"product_brand","embeddable":true,"href":"https:\/\/danieldasbaterias.com\/index.php?rest_route=%2Fwp%2Fv2%2Fproduct_brand&post=678"},{"taxonomy":"product_cat","embeddable":true,"href":"https:\/\/danieldasbaterias.com\/index.php?rest_route=%2Fwp%2Fv2%2Fproduct_cat&post=678"},{"taxonomy":"product_tag","embeddable":true,"href":"https:\/\/danieldasbaterias.com\/index.php?rest_route=%2Fwp%2Fv2%2Fproduct_tag&post=678"}],"curies":[{"name":"wp","href":"https:\/\/api.w.org\/{rel}","templated":true}]}}