{"id":680,"date":"2025-08-07T10:48:06","date_gmt":"2025-08-07T13:48:06","guid":{"rendered":"https:\/\/danieldasbaterias.com\/?post_type=product&#038;p=680"},"modified":"2025-08-07T10:49:38","modified_gmt":"2025-08-07T13:49:38","slug":"kit-de-5-pinceis-para-detalhamento-interno","status":"publish","type":"product","link":"https:\/\/danieldasbaterias.com\/?product=kit-de-5-pinceis-para-detalhamento-interno","title":{"rendered":"KIT DE 5 PINC\u00c9IS PARA DETALHAMENTO INTERNO"},"content":{"rendered":"<p>Kit de pinc\u00e9is de detalhamento desenvolvido para cuidados com o carro, moto e limpeza de pe\u00e7as em geral. Composto por cerdas sint\u00e9ticas com filamento c\u00f4nico macias, flex\u00edveis e dur\u00e1veis, sendo ideal para efetuar limpeza das partes internas mais delicadas do ve\u00edculo ou moto<\/p>\n<p><b>Indica\u00e7\u00f5es de uso<\/b><br \/>\nIndicado para limpeza de costura de banco de couro, banco de tecido, volante, r\u00e1dio, sa\u00edda de ar condicionado, painel, emblemas e cantos de def\u00edcil acesso<\/p>\n<p><b>Caracter\u00edsticas<\/b><br \/>\n-Cerdas sint\u00e9ticas flex\u00edveis com filamento c\u00f4nico de alta qualidade<br \/>\n-Resistente a diversos produtos qu\u00edmicos<br \/>\n-Possui furo no cabo para pendurar<br \/>\n-N\u00e3o risca a superf\u00edcie<br \/>\n-cabo em polipropileno (PP)<br \/>\n-Design ergon\u00f4mico<br \/>\n-Pode ser usada em local seco ou levemente molhado<\/p>\n","protected":false},"excerpt":{"rendered":"<p>LIMPEZA<\/p>\n","protected":false},"featured_media":681,"comment_status":"open","ping_status":"closed","template":"","meta":[],"product_brand":[27],"product_cat":[67],"product_tag":[],"class_list":{"0":"post-680","1":"product","2":"type-product","3":"status-publish","4":"has-post-thumbnail","6":"product_brand-vonixx","7":"product_cat-limpeza","9":"first","10":"instock","11":"taxable","12":"shipping-taxable","13":"purchasable","14":"product-type-simple"},"_links":{"self":[{"href":"https:\/\/danieldasbaterias.com\/index.php?rest_route=\/wp\/v2\/product\/680","targetHints":{"allow":["GET"]}}],"collection":[{"href":"https:\/\/danieldasbaterias.com\/index.php?rest_route=\/wp\/v2\/product"}],"about":[{"href":"https:\/\/danieldasbaterias.com\/index.php?rest_route=\/wp\/v2\/types\/product"}],"replies":[{"embeddable":true,"href":"https:\/\/danieldasbaterias.com\/index.php?rest_route=%2Fwp%2Fv2%2Fcomments&post=680"}],"wp:featuredmedia":[{"embeddable":true,"href":"https:\/\/danieldasbaterias.com\/index.php?rest_route=\/wp\/v2\/media\/681"}],"wp:attachment":[{"href":"https:\/\/danieldasbaterias.com\/index.php?rest_route=%2Fwp%2Fv2%2Fmedia&parent=680"}],"wp:term":[{"taxonomy":"product_brand","embeddable":true,"href":"https:\/\/danieldasbaterias.com\/index.php?rest_route=%2Fwp%2Fv2%2Fproduct_brand&post=680"},{"taxonomy":"product_cat","embeddable":true,"href":"https:\/\/danieldasbaterias.com\/index.php?rest_route=%2Fwp%2Fv2%2Fproduct_cat&post=680"},{"taxonomy":"product_tag","embeddable":true,"href":"https:\/\/danieldasbaterias.com\/index.php?rest_route=%2Fwp%2Fv2%2Fproduct_tag&post=680"}],"curies":[{"name":"wp","href":"https:\/\/api.w.org\/{rel}","templated":true}]}}