{"id":693,"date":"2025-08-08T14:58:08","date_gmt":"2025-08-08T17:58:08","guid":{"rendered":"https:\/\/danieldasbaterias.com\/?post_type=product&#038;p=693"},"modified":"2026-02-15T21:50:04","modified_gmt":"2026-02-16T00:50:04","slug":"aroma-spray-morango","status":"publish","type":"product","link":"https:\/\/danieldasbaterias.com\/?product=aroma-spray-morango","title":{"rendered":"AROMA SPRAY &#8211; MORANGO"},"content":{"rendered":"<p>-Fragr\u00e2ncias especiais;<br \/>\n-Excelente fixa\u00e7\u00e3o.<\/p>\n<p>Produzido com fragr\u00e2ncias especiais, o Aroma Spray deixa um agrad\u00e1vel odor no interior do seu ve\u00edculo. Por ser concentrado o produto tem longa dura\u00e7\u00e3o.<\/p>\n<p><b>Modo de usar:<\/b><br \/>\n1.Pulverizar o produto no interior do seu ve\u00edculo e aguardar alguns segundos.<\/p>\n","protected":false},"excerpt":{"rendered":"<p>AROMA<\/p>\n","protected":false},"featured_media":691,"comment_status":"open","ping_status":"closed","template":"","meta":[],"product_brand":[29],"product_cat":[67],"product_tag":[],"class_list":{"0":"post-693","1":"product","2":"type-product","3":"status-publish","4":"has-post-thumbnail","6":"product_brand-vintex","7":"product_cat-limpeza","9":"first","10":"instock","11":"taxable","12":"shipping-taxable","13":"purchasable","14":"product-type-simple"},"_links":{"self":[{"href":"https:\/\/danieldasbaterias.com\/index.php?rest_route=\/wp\/v2\/product\/693","targetHints":{"allow":["GET"]}}],"collection":[{"href":"https:\/\/danieldasbaterias.com\/index.php?rest_route=\/wp\/v2\/product"}],"about":[{"href":"https:\/\/danieldasbaterias.com\/index.php?rest_route=\/wp\/v2\/types\/product"}],"replies":[{"embeddable":true,"href":"https:\/\/danieldasbaterias.com\/index.php?rest_route=%2Fwp%2Fv2%2Fcomments&post=693"}],"wp:featuredmedia":[{"embeddable":true,"href":"https:\/\/danieldasbaterias.com\/index.php?rest_route=\/wp\/v2\/media\/691"}],"wp:attachment":[{"href":"https:\/\/danieldasbaterias.com\/index.php?rest_route=%2Fwp%2Fv2%2Fmedia&parent=693"}],"wp:term":[{"taxonomy":"product_brand","embeddable":true,"href":"https:\/\/danieldasbaterias.com\/index.php?rest_route=%2Fwp%2Fv2%2Fproduct_brand&post=693"},{"taxonomy":"product_cat","embeddable":true,"href":"https:\/\/danieldasbaterias.com\/index.php?rest_route=%2Fwp%2Fv2%2Fproduct_cat&post=693"},{"taxonomy":"product_tag","embeddable":true,"href":"https:\/\/danieldasbaterias.com\/index.php?rest_route=%2Fwp%2Fv2%2Fproduct_tag&post=693"}],"curies":[{"name":"wp","href":"https:\/\/api.w.org\/{rel}","templated":true}]}}