{"id":698,"date":"2025-08-08T15:04:31","date_gmt":"2025-08-08T18:04:31","guid":{"rendered":"https:\/\/danieldasbaterias.com\/?post_type=product&#038;p=698"},"modified":"2025-08-08T15:07:02","modified_gmt":"2025-08-08T18:07:02","slug":"hidracouro-500ml","status":"publish","type":"product","link":"https:\/\/danieldasbaterias.com\/?product=hidracouro-500ml","title":{"rendered":"HIDRACOURO 500ML"},"content":{"rendered":"<p>O\u00a0<b>Hidracouro Vonixx<\/b>\u00a0\u00e9 um produto que hidrata e protege bancos de couro. Sua f\u00f3rmula \u00e0 base de lanolina evita o ressecamento do couro, mantendo-o com aspecto de novo.<\/p>\n<p><b>DILUI\u00c7\u00c3O<br \/>\n<\/b>Pronto uso.<\/p>\n<p><b>INFORMA\u00c7\u00d5ES ADICIONAIS<br \/>\n<\/b>Antes de aplicar Hidracouro, recomendamos a limpeza pr\u00e9via com Higicouro ou Sintra.<\/p>\n<p>RENOVA E PROMOVE BRILHO; AGE CONTRA O RESSECAMENTO; Devolve a Maciez do Couro<i>;<\/i><\/p>\n<p><b>MODO DE USAR<\/b><br \/>\n1. Limpar a superf\u00edcie com Higicouro ou Sintra;<br \/>\n2. Aplicar o produto com um aplicador de espuma at\u00e9 a completa hidrata\u00e7\u00e3o;<br \/>\n3. Se necess\u00e1rio, repetir a opera\u00e7\u00e3o.<\/p>\n<p><b>Obs.:<\/b>\u00a0Caso prefira o couro com aspecto fosco, recomenda-se realizar acabamento com toalha de microfibra limpa e seca<\/p>\n","protected":false},"excerpt":{"rendered":"<p>HIDRATA\u00c7\u00c3O DE COURO<\/p>\n","protected":false},"featured_media":699,"comment_status":"open","ping_status":"closed","template":"","meta":[],"product_brand":[27],"product_cat":[67],"product_tag":[],"class_list":{"0":"post-698","1":"product","2":"type-product","3":"status-publish","4":"has-post-thumbnail","6":"product_brand-vonixx","7":"product_cat-limpeza","9":"first","10":"instock","11":"taxable","12":"shipping-taxable","13":"purchasable","14":"product-type-simple"},"_links":{"self":[{"href":"https:\/\/danieldasbaterias.com\/index.php?rest_route=\/wp\/v2\/product\/698","targetHints":{"allow":["GET"]}}],"collection":[{"href":"https:\/\/danieldasbaterias.com\/index.php?rest_route=\/wp\/v2\/product"}],"about":[{"href":"https:\/\/danieldasbaterias.com\/index.php?rest_route=\/wp\/v2\/types\/product"}],"replies":[{"embeddable":true,"href":"https:\/\/danieldasbaterias.com\/index.php?rest_route=%2Fwp%2Fv2%2Fcomments&post=698"}],"wp:featuredmedia":[{"embeddable":true,"href":"https:\/\/danieldasbaterias.com\/index.php?rest_route=\/wp\/v2\/media\/699"}],"wp:attachment":[{"href":"https:\/\/danieldasbaterias.com\/index.php?rest_route=%2Fwp%2Fv2%2Fmedia&parent=698"}],"wp:term":[{"taxonomy":"product_brand","embeddable":true,"href":"https:\/\/danieldasbaterias.com\/index.php?rest_route=%2Fwp%2Fv2%2Fproduct_brand&post=698"},{"taxonomy":"product_cat","embeddable":true,"href":"https:\/\/danieldasbaterias.com\/index.php?rest_route=%2Fwp%2Fv2%2Fproduct_cat&post=698"},{"taxonomy":"product_tag","embeddable":true,"href":"https:\/\/danieldasbaterias.com\/index.php?rest_route=%2Fwp%2Fv2%2Fproduct_tag&post=698"}],"curies":[{"name":"wp","href":"https:\/\/api.w.org\/{rel}","templated":true}]}}