{"id":702,"date":"2025-08-08T15:14:09","date_gmt":"2025-08-08T18:14:09","guid":{"rendered":"https:\/\/danieldasbaterias.com\/?post_type=product&#038;p=702"},"modified":"2025-08-08T15:16:19","modified_gmt":"2025-08-08T18:16:19","slug":"izer","status":"publish","type":"product","link":"https:\/\/danieldasbaterias.com\/?product=izer","title":{"rendered":"IZER"},"content":{"rendered":"<p>Izer \u00e9 um descontaminante ferroso de pH neutro que remove fuligem de freio oxidado em rodas, age na elimina\u00e7\u00e3o de oxida\u00e7\u00e3o de material ferroso da pintura e demais partes externas do ve\u00edculo e ajuda na remo\u00e7\u00e3o de pontos de ferrugem em partes cromadas. No motor, auxilio na remo\u00e7\u00e3o da oxida\u00e7\u00e3o de partes met\u00e1licas, deixando-o com aspecto renovado. O produto n\u00e3o \u00e9 indicado para uso em superf\u00edcies zincadas.<\/p>\n<p><b>Dilui\u00e7\u00e3o<\/b><br \/>\nPronto uso em ambas as vers\u00f5es<\/p>\n<p><b>Informa\u00e7\u00f5es adicionais<\/b><br \/>\nIzer tamb\u00e9m pode ser usado para descontamina\u00e7\u00e3o de pintura, em dilui\u00e7\u00e3o at\u00e9 1:1.<br \/>\nAo descontaminar a pintura com Izer, n\u00e3o de dispensa a descontamina\u00e7\u00e3o com V-Bar e V-Lub.<br \/>\nIzer tamb\u00e9m age na remo\u00e7\u00e3o de ferrugem.<br \/>\nN\u00e3o aplicar Izer em superf\u00edcie aquecida ou sob o sol.<\/p>\n<p>-Ph neutro<br \/>\n-Remove ferro oxidado<br \/>\n-Odor reduzido<\/p>\n<p><b>Modo de usar:<\/b><br \/>\n1. Certifique-se que a superf\u00edcie esteja fria;<br \/>\n2. Pulverize uma pequena quantidade de produto na superf\u00edcie a ser descontaminada;<br \/>\n3. Aguarde de 2 a 3 minutos e observe a forma\u00e7\u00e3o de uma cor roxa ou mais escura;<br \/>\n4. Com o aux\u00edlio de escova para caixas de rodas, pincel para detalhamento ou luva de microfibra, esfregue de maneira uniforme para ajudar na completa remo\u00e7\u00e3o dos contaminantes;<br \/>\n5. Enx\u00e1gue em seguida com a ajuda de uma lavadora de alta press\u00e3o.<\/p>\n","protected":false},"excerpt":{"rendered":"<p>FERRUGEM<\/p>\n","protected":false},"featured_media":703,"comment_status":"open","ping_status":"closed","template":"","meta":[],"product_brand":[27],"product_cat":[67,37],"product_tag":[],"class_list":{"0":"post-702","1":"product","2":"type-product","3":"status-publish","4":"has-post-thumbnail","6":"product_brand-vonixx","7":"product_cat-limpeza","8":"product_cat-limpeza-externa-auto","10":"first","11":"instock","12":"taxable","13":"shipping-taxable","14":"purchasable","15":"product-type-simple"},"_links":{"self":[{"href":"https:\/\/danieldasbaterias.com\/index.php?rest_route=\/wp\/v2\/product\/702","targetHints":{"allow":["GET"]}}],"collection":[{"href":"https:\/\/danieldasbaterias.com\/index.php?rest_route=\/wp\/v2\/product"}],"about":[{"href":"https:\/\/danieldasbaterias.com\/index.php?rest_route=\/wp\/v2\/types\/product"}],"replies":[{"embeddable":true,"href":"https:\/\/danieldasbaterias.com\/index.php?rest_route=%2Fwp%2Fv2%2Fcomments&post=702"}],"wp:featuredmedia":[{"embeddable":true,"href":"https:\/\/danieldasbaterias.com\/index.php?rest_route=\/wp\/v2\/media\/703"}],"wp:attachment":[{"href":"https:\/\/danieldasbaterias.com\/index.php?rest_route=%2Fwp%2Fv2%2Fmedia&parent=702"}],"wp:term":[{"taxonomy":"product_brand","embeddable":true,"href":"https:\/\/danieldasbaterias.com\/index.php?rest_route=%2Fwp%2Fv2%2Fproduct_brand&post=702"},{"taxonomy":"product_cat","embeddable":true,"href":"https:\/\/danieldasbaterias.com\/index.php?rest_route=%2Fwp%2Fv2%2Fproduct_cat&post=702"},{"taxonomy":"product_tag","embeddable":true,"href":"https:\/\/danieldasbaterias.com\/index.php?rest_route=%2Fwp%2Fv2%2Fproduct_tag&post=702"}],"curies":[{"name":"wp","href":"https:\/\/api.w.org\/{rel}","templated":true}]}}