{"id":704,"date":"2025-08-08T15:16:30","date_gmt":"2025-08-08T18:16:30","guid":{"rendered":"https:\/\/danieldasbaterias.com\/?post_type=product&#038;p=704"},"modified":"2025-08-08T15:19:49","modified_gmt":"2025-08-08T18:19:49","slug":"prizm","status":"publish","type":"product","link":"https:\/\/danieldasbaterias.com\/?product=prizm","title":{"rendered":"PRIZM"},"content":{"rendered":"<p>Prizm restaura a transpar\u00eancia em vidros automotivos remove marcas de \u00e1gua incrustadas, impurezas e contaminantes que n\u00e3o saem com a limpeza convencional. O produto age quimicamente contra as manchas e sujeiras, removendo-o facilmente de para-brisas, vidros laterais e traseiros.<\/p>\n<p><b>Dilui\u00e7\u00e3o<\/b><br \/>\nPronto uso<\/p>\n<p><b>Importante<\/b><br \/>\nO produto n\u00e3o pode ser aplicado em espelho automotivos<\/p>\n<p><b>Precau\u00e7\u00f5es de uso<\/b><br \/>\nProduto desenvolvido para uso exclusivamente profissional<\/p>\n<p><b>Ao manusear o Prizm, sugerimos as seguintes orienta\u00e7\u00f5es:<\/b><br \/>\n-Use luvas de l\u00e1tex nitr\u00edlico durante todo o processo de aplica\u00e7\u00e3o do produto<br \/>\n-N\u00e3o deixe o produto escorrer para a pintura, pois poder\u00e1 causar manchas irrevers\u00edveis<br \/>\n-\u00c9 altamente recomendado realizar testee em ma pequena \u00e1rea dos vidros para verificar o resultado da aplica\u00e7\u00e3o antes de come\u00e7ar a usar o produto<br \/>\n-Evite que o produto seque sobre a suerf\u00edcie aplicada. Caso aconte\u00e7a, umede\u00e7a a toalha de microfibra novamente e reaplique<br \/>\n-Mantenha o produto em sua embalagem original e n\u00e3o a reutilize<br \/>\n-Conserve o prizm fora do alcance de crian\u00e7as e animais dom\u00e9sticos<\/p>\n<p>-Brilho intenso e duradouro<br \/>\n-Total prote\u00e7\u00e3o<\/p>\n<p><b>Modo de uso<\/b><br \/>\n1. Fazer um teste em uma pequena \u00e1rea para verificar o resultado<br \/>\n2. Aplicar pequena quantidade do produto em toalha de microfibra<br \/>\n3. Esfregar no vidro fazendo movimentos laterais de vai e vem exercendo press\u00e3o moderada, em \u00e1rea n\u00e3o superior \u00e0 60 x 60 cm por pelo menos 40 segundos, sem deixar o produto secar<br \/>\n4. Caso seque, umedecer a toalha de microfibra novamente e reaplicar. Enxaguar em seguida com \u00e1gua em abund\u00e2ncia<\/p>\n","protected":false},"excerpt":{"rendered":"<p>Prizm restaura a transpar\u00eancia em vidros automotivos remove marcas de \u00e1gua incrustadas, impurezas e contaminantes que n\u00e3o saem com a limpeza convencional. O produto age quimicamente contra as manchas e sujeiras, removendo-o facilmente de para-brisas, vidros laterais e traseiros. Dilui\u00e7\u00e3o Pronto uso Importante O produto n\u00e3o pode ser aplicado em espelho automotivos Precau\u00e7\u00f5es de uso [&hellip;]<\/p>\n","protected":false},"featured_media":705,"comment_status":"open","ping_status":"closed","template":"","meta":[],"product_brand":[27],"product_cat":[67,38],"product_tag":[],"class_list":{"0":"post-704","1":"product","2":"type-product","3":"status-publish","4":"has-post-thumbnail","6":"product_brand-vonixx","7":"product_cat-limpeza","8":"product_cat-limpeza-de-vidros","10":"first","11":"instock","12":"taxable","13":"shipping-taxable","14":"purchasable","15":"product-type-simple"},"_links":{"self":[{"href":"https:\/\/danieldasbaterias.com\/index.php?rest_route=\/wp\/v2\/product\/704","targetHints":{"allow":["GET"]}}],"collection":[{"href":"https:\/\/danieldasbaterias.com\/index.php?rest_route=\/wp\/v2\/product"}],"about":[{"href":"https:\/\/danieldasbaterias.com\/index.php?rest_route=\/wp\/v2\/types\/product"}],"replies":[{"embeddable":true,"href":"https:\/\/danieldasbaterias.com\/index.php?rest_route=%2Fwp%2Fv2%2Fcomments&post=704"}],"wp:featuredmedia":[{"embeddable":true,"href":"https:\/\/danieldasbaterias.com\/index.php?rest_route=\/wp\/v2\/media\/705"}],"wp:attachment":[{"href":"https:\/\/danieldasbaterias.com\/index.php?rest_route=%2Fwp%2Fv2%2Fmedia&parent=704"}],"wp:term":[{"taxonomy":"product_brand","embeddable":true,"href":"https:\/\/danieldasbaterias.com\/index.php?rest_route=%2Fwp%2Fv2%2Fproduct_brand&post=704"},{"taxonomy":"product_cat","embeddable":true,"href":"https:\/\/danieldasbaterias.com\/index.php?rest_route=%2Fwp%2Fv2%2Fproduct_cat&post=704"},{"taxonomy":"product_tag","embeddable":true,"href":"https:\/\/danieldasbaterias.com\/index.php?rest_route=%2Fwp%2Fv2%2Fproduct_tag&post=704"}],"curies":[{"name":"wp","href":"https:\/\/api.w.org\/{rel}","templated":true}]}}