{"id":706,"date":"2025-08-08T15:20:35","date_gmt":"2025-08-08T18:20:35","guid":{"rendered":"https:\/\/danieldasbaterias.com\/?post_type=product&#038;p=706"},"modified":"2025-08-08T15:25:01","modified_gmt":"2025-08-08T18:25:01","slug":"sanitizante-finalizador","status":"publish","type":"product","link":"https:\/\/danieldasbaterias.com\/?product=sanitizante-finalizador","title":{"rendered":"SANITIZANTE FINALIZADOR"},"content":{"rendered":"<p>Sanitizantes Finalizador \u00e9 um produto 4&#215;1, desenvolvido exclusivamente para ser aplicado sob forma de pulveriza\u00e7\u00e3o na \u00faltima etapa da limpeza de estofados, carpetes e tapetes. Sua f\u00f3rmula mata germes, bact\u00e9rias e deixa um ativo residual com efeito bacteriost\u00e1tico, diminuindo as chances de crescimento de germes por at\u00e9 tr\u00eas meses. O produto promove agrad\u00e1vel aroma na superf\u00edcie e toque de maciez nas fibras.<\/p>\n<p><b>PH<\/b><br \/>\nNeutro<\/p>\n<p><b>Dilui\u00e7\u00e3o<\/b><br \/>\n\u00danica padr\u00e3o: 1:10<br \/>\nObserva\u00e7\u00e3o: Recomendamos spot teste para verificar a compatibilidade do produto com a superf\u00edcie<\/p>\n<p><b>Uso recomendado<\/b><br \/>\nTecidos naturais e sint\u00e9ticos<\/p>\n<p><b>Informa\u00e7\u00f5es Adicionais<\/b><br \/>\nN\u00e3o utilizar este produto em pl\u00e1stico<\/p>\n<p><b>Precau\u00e7\u00f5es<\/b><br \/>\nCuidado! Perigosa sua ingest\u00e3o. Evite contato prolongado com a pela. Lavar as m\u00e3os ap\u00f3s o uso. CONSERVE FORA DO ALCANCE DAS CRIAN\u00c7AS E ANIMAIS DOM\u00c9STICOS.<\/p>\n<p>LEIA ATENTAMENTE O R\u00d3TULO ANTES DE UTILIZAR O PRODUTO<br \/>\n-Passo 3 dos do sistema VSC<br \/>\n-Limpeza de estofados, carpetes, tapetes<\/p>\n<p><b>Modo de usar:<\/b><br \/>\n1. Ap\u00f3s a lavar o estofado, aplicar uma fina n\u00e9voa de sanitizante finalizador dilu\u00eddo na propor\u00e7\u00e3o de 1:10 e aguardar 10 minutos para o produtos agir.<br \/>\n2. Realizar a extra\u00e7\u00e3o ou aspira\u00e7\u00e3o sem enx\u00e1gue a fim de deixar um residual do produto.<br \/>\n3. Essa pequena quantidade de produto residual auxiliar\u00e1 na elimina\u00e7\u00e3o de bact\u00e9rias que porventura n\u00e3o foram removidas, agindo tamb\u00e9m na preven\u00e7\u00e3o do crescimento de bact\u00e9rias por at\u00e9 tr\u00eas meses.<\/p>\n","protected":false},"excerpt":{"rendered":"<p>Sanitizantes Finalizador \u00e9 um produto 4&#215;1, desenvolvido exclusivamente para ser aplicado sob forma de pulveriza\u00e7\u00e3o na \u00faltima etapa da limpeza de estofados, carpetes e tapetes. Sua f\u00f3rmula mata germes, bact\u00e9rias e deixa um ativo residual com efeito bacteriost\u00e1tico, diminuindo as chances de crescimento de germes por at\u00e9 tr\u00eas meses. O produto promove agrad\u00e1vel aroma na [&hellip;]<\/p>\n","protected":false},"featured_media":707,"comment_status":"open","ping_status":"closed","template":"","meta":[],"product_brand":[27],"product_cat":[67,35],"product_tag":[],"class_list":{"0":"post-706","1":"product","2":"type-product","3":"status-publish","4":"has-post-thumbnail","6":"product_brand-vonixx","7":"product_cat-limpeza","8":"product_cat-limpeza-interna-auto","10":"first","11":"instock","12":"taxable","13":"shipping-taxable","14":"purchasable","15":"product-type-simple"},"_links":{"self":[{"href":"https:\/\/danieldasbaterias.com\/index.php?rest_route=\/wp\/v2\/product\/706","targetHints":{"allow":["GET"]}}],"collection":[{"href":"https:\/\/danieldasbaterias.com\/index.php?rest_route=\/wp\/v2\/product"}],"about":[{"href":"https:\/\/danieldasbaterias.com\/index.php?rest_route=\/wp\/v2\/types\/product"}],"replies":[{"embeddable":true,"href":"https:\/\/danieldasbaterias.com\/index.php?rest_route=%2Fwp%2Fv2%2Fcomments&post=706"}],"wp:featuredmedia":[{"embeddable":true,"href":"https:\/\/danieldasbaterias.com\/index.php?rest_route=\/wp\/v2\/media\/707"}],"wp:attachment":[{"href":"https:\/\/danieldasbaterias.com\/index.php?rest_route=%2Fwp%2Fv2%2Fmedia&parent=706"}],"wp:term":[{"taxonomy":"product_brand","embeddable":true,"href":"https:\/\/danieldasbaterias.com\/index.php?rest_route=%2Fwp%2Fv2%2Fproduct_brand&post=706"},{"taxonomy":"product_cat","embeddable":true,"href":"https:\/\/danieldasbaterias.com\/index.php?rest_route=%2Fwp%2Fv2%2Fproduct_cat&post=706"},{"taxonomy":"product_tag","embeddable":true,"href":"https:\/\/danieldasbaterias.com\/index.php?rest_route=%2Fwp%2Fv2%2Fproduct_tag&post=706"}],"curies":[{"name":"wp","href":"https:\/\/api.w.org\/{rel}","templated":true}]}}