{"id":708,"date":"2025-08-08T15:26:47","date_gmt":"2025-08-08T18:26:47","guid":{"rendered":"https:\/\/danieldasbaterias.com\/?post_type=product&#038;p=708"},"modified":"2025-08-08T15:28:05","modified_gmt":"2025-08-08T18:28:05","slug":"shiny","status":"publish","type":"product","link":"https:\/\/danieldasbaterias.com\/?product=shiny","title":{"rendered":"SHINY"},"content":{"rendered":"<p>Shiny \u00e9 um produto desenvolvido exclusivamente para uso em pneus que renova, protege e d\u00e1 brilho intenso e duradouro aos pneus. O produto n\u00e3o sai ao entrar em contato com a \u00e1gua, podendo alcan\u00e7ar durabilidade de at\u00e9 60 dias, rende de 15 a 20 aplica\u00e7\u00f5es em carros pequenos emantendo o aspecto no pneu de brilho molhado.<\/p>\n<p>-Brilho intenso e duradouro<br \/>\n-Total prote\u00e7\u00e3o<br \/>\n-At\u00e9 60 dias de durabilidade<\/p>\n<p><b>Modo de uso<\/b><br \/>\nLimpar bem a superf\u00edcie e em seguida aplicar o produto com um aplicador de espuma at\u00e9 a completa revitaliza\u00e7\u00e3o. Se necess\u00e1rio repetir a opera\u00e7\u00e3o.<\/p>\n","protected":false},"excerpt":{"rendered":"<p>PNEUS<\/p>\n","protected":false},"featured_media":709,"comment_status":"open","ping_status":"closed","template":"","meta":[],"product_brand":[27],"product_cat":[67,44],"product_tag":[],"class_list":{"0":"post-708","1":"product","2":"type-product","3":"status-publish","4":"has-post-thumbnail","6":"product_brand-vonixx","7":"product_cat-limpeza","8":"product_cat-limpeza-pneus-vonixx","10":"first","11":"instock","12":"taxable","13":"shipping-taxable","14":"purchasable","15":"product-type-simple"},"_links":{"self":[{"href":"https:\/\/danieldasbaterias.com\/index.php?rest_route=\/wp\/v2\/product\/708","targetHints":{"allow":["GET"]}}],"collection":[{"href":"https:\/\/danieldasbaterias.com\/index.php?rest_route=\/wp\/v2\/product"}],"about":[{"href":"https:\/\/danieldasbaterias.com\/index.php?rest_route=\/wp\/v2\/types\/product"}],"replies":[{"embeddable":true,"href":"https:\/\/danieldasbaterias.com\/index.php?rest_route=%2Fwp%2Fv2%2Fcomments&post=708"}],"wp:featuredmedia":[{"embeddable":true,"href":"https:\/\/danieldasbaterias.com\/index.php?rest_route=\/wp\/v2\/media\/709"}],"wp:attachment":[{"href":"https:\/\/danieldasbaterias.com\/index.php?rest_route=%2Fwp%2Fv2%2Fmedia&parent=708"}],"wp:term":[{"taxonomy":"product_brand","embeddable":true,"href":"https:\/\/danieldasbaterias.com\/index.php?rest_route=%2Fwp%2Fv2%2Fproduct_brand&post=708"},{"taxonomy":"product_cat","embeddable":true,"href":"https:\/\/danieldasbaterias.com\/index.php?rest_route=%2Fwp%2Fv2%2Fproduct_cat&post=708"},{"taxonomy":"product_tag","embeddable":true,"href":"https:\/\/danieldasbaterias.com\/index.php?rest_route=%2Fwp%2Fv2%2Fproduct_tag&post=708"}],"curies":[{"name":"wp","href":"https:\/\/api.w.org\/{rel}","templated":true}]}}