{"id":710,"date":"2025-08-08T15:30:20","date_gmt":"2025-08-08T18:30:20","guid":{"rendered":"https:\/\/danieldasbaterias.com\/?post_type=product&#038;p=710"},"modified":"2025-08-08T15:32:12","modified_gmt":"2025-08-08T18:32:12","slug":"sintra-fast","status":"publish","type":"product","link":"https:\/\/danieldasbaterias.com\/?product=sintra-fast","title":{"rendered":"SINTRA FAST"},"content":{"rendered":"<p>Sintras Fast \u00e9 um multilimpador flotador universal, bactericida e germicida e pH balanceado, indicado para limpeza de pain\u00e9is, laterais e cantos de portas, bancadas de couro, carpetes e estofados. Promove alto poder de remo\u00e7\u00e3o de manchas de gordura e sujeiras diversas, al\u00e9m de eliminar microrganismos causadores de doen\u00e7as no interior do ve\u00edculo. Sintra Fast diminui maus odores no interior do ve\u00edculo, tornando-o saud\u00e1vel e livre de impurezas.<\/p>\n<p>-Limpeza de panin\u00e9is, laterais e cantos de portas, carpetes e estofados<\/p>\n<p><b>Modo de uso<\/b><br \/>\nEm pain\u00e9is, laterais, cantos de portas e bancos de couro:<br \/>\n1. Pulveriza o produto na superf\u00edcie a ser limpa e desinfetada<br \/>\n2. Utilizar pincel, escova macia ou aplicador de espuma e realizar movimentos circulares at\u00e9 observar o desprendimento total da sujeira<br \/>\n3. Remover o excesso com aux\u00edlio de toalha de microfibra \u00famida. Secar em seguia com uma toalha de microfibra seca.<\/p>\n","protected":false},"excerpt":{"rendered":"<p>MULTILIMPADOR<\/p>\n","protected":false},"featured_media":711,"comment_status":"open","ping_status":"closed","template":"","meta":[],"product_brand":[27],"product_cat":[67,35],"product_tag":[],"class_list":{"0":"post-710","1":"product","2":"type-product","3":"status-publish","4":"has-post-thumbnail","6":"product_brand-vonixx","7":"product_cat-limpeza","8":"product_cat-limpeza-interna-auto","10":"first","11":"instock","12":"taxable","13":"shipping-taxable","14":"purchasable","15":"product-type-simple"},"_links":{"self":[{"href":"https:\/\/danieldasbaterias.com\/index.php?rest_route=\/wp\/v2\/product\/710","targetHints":{"allow":["GET"]}}],"collection":[{"href":"https:\/\/danieldasbaterias.com\/index.php?rest_route=\/wp\/v2\/product"}],"about":[{"href":"https:\/\/danieldasbaterias.com\/index.php?rest_route=\/wp\/v2\/types\/product"}],"replies":[{"embeddable":true,"href":"https:\/\/danieldasbaterias.com\/index.php?rest_route=%2Fwp%2Fv2%2Fcomments&post=710"}],"wp:featuredmedia":[{"embeddable":true,"href":"https:\/\/danieldasbaterias.com\/index.php?rest_route=\/wp\/v2\/media\/711"}],"wp:attachment":[{"href":"https:\/\/danieldasbaterias.com\/index.php?rest_route=%2Fwp%2Fv2%2Fmedia&parent=710"}],"wp:term":[{"taxonomy":"product_brand","embeddable":true,"href":"https:\/\/danieldasbaterias.com\/index.php?rest_route=%2Fwp%2Fv2%2Fproduct_brand&post=710"},{"taxonomy":"product_cat","embeddable":true,"href":"https:\/\/danieldasbaterias.com\/index.php?rest_route=%2Fwp%2Fv2%2Fproduct_cat&post=710"},{"taxonomy":"product_tag","embeddable":true,"href":"https:\/\/danieldasbaterias.com\/index.php?rest_route=%2Fwp%2Fv2%2Fproduct_tag&post=710"}],"curies":[{"name":"wp","href":"https:\/\/api.w.org\/{rel}","templated":true}]}}