{"id":712,"date":"2025-08-08T15:35:04","date_gmt":"2025-08-08T18:35:04","guid":{"rendered":"https:\/\/danieldasbaterias.com\/?post_type=product&#038;p=712"},"modified":"2025-08-20T12:03:42","modified_gmt":"2025-08-20T15:03:42","slug":"sintra-pro","status":"publish","type":"product","link":"https:\/\/danieldasbaterias.com\/?product=sintra-pro","title":{"rendered":"Multilimpador Vonixx &#8211; Sintra Pro"},"content":{"rendered":"<p>Sintra Pro \u00e9 um multilimpador flotador bactericida de pH balanceado e ultra concentrado, indicado para limpeza de pain\u00e9is, laterais e cantos de portas, bancadas de couro, carpetes e estofados. Promove alto poder de remo\u00e7\u00e3o de manchas de gordura e sujeiras diversas, al\u00e9m de eliminar microrganismos causadores de doen\u00e7as no interior do ve\u00edculo. A baixa espuma\u00e7\u00e3o o torna ideal para ser usado em extratoras, eliminando as sujidades do interior do ve\u00edculo e deixando-o limpo novamente. Sintra pro dimnui maus odores no interior do ve\u00edculo, tornando-o mais saud\u00e1vel e livre de impurezas.<\/p>\n<p><b>pH<\/b><br \/>\nAlcalino<\/p>\n<p><b>Dilui\u00e7\u00e3o<\/b><br \/>\nLimpeza de laterais de portas, pl\u00e1sticos e couro muito encardido 1:15<br \/>\nCarpetes, estofados e limpeza de teto 1:10(sujeira pesada), 1:20(sujeira m\u00e9dia), 1:30(sujeira leve)<br \/>\nManuten\u00e7\u00e3o de limpeza interna em pain\u00e9is, laterais de portas e bancos de couros 1:50<br \/>\nObserva\u00e7\u00e3o: Em extratoras com dilui\u00e7\u00e3o de at\u00e9 1:60 e em tornador com dilui\u00e7\u00e3o 1:10<\/p>\n<p><b>Uso recomendado<\/b><br \/>\nPain\u00e9is, couro, carpetes, estofados<\/p>\n<p><b>Informa\u00e7\u00f5es adicionais<\/b><br \/>\nProduto alcalino. N\u00e3o recomendamos realizar a aplica\u00e7\u00e3o em vidros automotivos.<\/p>\n<p><b>Precau\u00e7\u00f5es<\/b><br \/>\nCuidado! Perigosa sua ingest\u00e3o. Evite contato prolongado com a pele. lavar as m\u00e3os ap\u00f3s o uso Conserve fora do alcance das crian\u00e7as e animais dom\u00e9sticos.<\/p>\n<p>-Ultra concentrado<br \/>\n-Limpa sem agredir<\/p>\n<p><b>Modo de uso<\/b><br \/>\n<b>Em pain\u00e9s, laterais e cantos de portas e bancos de couro:<\/b><br \/>\n1. Diluir o produto na propor\u00e7\u00e3o conforme indica\u00e7\u00e3o<br \/>\n2. Com o aux\u00edlio de um pulverizador, aplicadar a solu\u00e7\u00e3o na \u00e1rea a ser limpa<br \/>\n3. Utilizar pincel, escova macia ou aplicador de espuma e realizar movimentos circulares at\u00e9 observar o desprendimento total da sujeira<br \/>\n4. Remover o excesso com o aux\u00edlio de toalha de microfibra \u00famida<\/p>\n<p><b>Em carpetes, estofados e tecidos<\/b><br \/>\n1. Diluir o produto na propor\u00e7\u00e3o conforme indica\u00e7\u00e3o<br \/>\n2. Com o aux\u00edlio de um pulverizador, aplicar a solu\u00e7\u00e3o na \u00e1rea a ser limpa<br \/>\n3. Utilizar escova macia ou aplicador de espuma e realizar movimentos circulares at\u00e9 observar o desprendimento total da sujeira<br \/>\n4. Utilizar aspirador espec\u00edfico para remo\u00e7\u00e3o de \u00e1gua e aspirar toda a sujeira. Aguarde secar completamente<\/p>\n","protected":false},"excerpt":{"rendered":"<p>MULTILIMPADOR<\/p>\n","protected":false},"featured_media":713,"comment_status":"open","ping_status":"closed","template":"","meta":[],"product_brand":[27],"product_cat":[67,35],"product_tag":[],"class_list":{"0":"post-712","1":"product","2":"type-product","3":"status-publish","4":"has-post-thumbnail","6":"product_brand-vonixx","7":"product_cat-limpeza","8":"product_cat-limpeza-interna-auto","10":"first","11":"instock","12":"taxable","13":"shipping-taxable","14":"purchasable","15":"product-type-simple"},"_links":{"self":[{"href":"https:\/\/danieldasbaterias.com\/index.php?rest_route=\/wp\/v2\/product\/712","targetHints":{"allow":["GET"]}}],"collection":[{"href":"https:\/\/danieldasbaterias.com\/index.php?rest_route=\/wp\/v2\/product"}],"about":[{"href":"https:\/\/danieldasbaterias.com\/index.php?rest_route=\/wp\/v2\/types\/product"}],"replies":[{"embeddable":true,"href":"https:\/\/danieldasbaterias.com\/index.php?rest_route=%2Fwp%2Fv2%2Fcomments&post=712"}],"wp:featuredmedia":[{"embeddable":true,"href":"https:\/\/danieldasbaterias.com\/index.php?rest_route=\/wp\/v2\/media\/713"}],"wp:attachment":[{"href":"https:\/\/danieldasbaterias.com\/index.php?rest_route=%2Fwp%2Fv2%2Fmedia&parent=712"}],"wp:term":[{"taxonomy":"product_brand","embeddable":true,"href":"https:\/\/danieldasbaterias.com\/index.php?rest_route=%2Fwp%2Fv2%2Fproduct_brand&post=712"},{"taxonomy":"product_cat","embeddable":true,"href":"https:\/\/danieldasbaterias.com\/index.php?rest_route=%2Fwp%2Fv2%2Fproduct_cat&post=712"},{"taxonomy":"product_tag","embeddable":true,"href":"https:\/\/danieldasbaterias.com\/index.php?rest_route=%2Fwp%2Fv2%2Fproduct_tag&post=712"}],"curies":[{"name":"wp","href":"https:\/\/api.w.org\/{rel}","templated":true}]}}