{"id":716,"date":"2025-08-08T15:43:54","date_gmt":"2025-08-08T18:43:54","guid":{"rendered":"https:\/\/danieldasbaterias.com\/?post_type=product&#038;p=716"},"modified":"2025-08-08T15:48:43","modified_gmt":"2025-08-08T18:48:43","slug":"toalha-microfibra-vintex-40x40cm-350gsm","status":"publish","type":"product","link":"https:\/\/danieldasbaterias.com\/?product=toalha-microfibra-vintex-40x40cm-350gsm","title":{"rendered":"TOALHA MICROFIBRA VINTEX 40X40CM 350GSM"},"content":{"rendered":"<p>A Toalha de Microfibra Vintex \u00e9 indicada para limpeza de sujidades diversas, aplica\u00e7\u00e3o ou remo\u00e7\u00e3o de ceras e secantes, finaliza\u00e7\u00e3o de polimentos e acabamento. A composi\u00e7\u00e3o de poli\u00e9ster e poliamida evitam riscos na superf\u00edcie.<\/p>\n<p>-Alto poder de absor\u00e7\u00e3o<br \/>\n-Excelente acabamento<br \/>\n-Poli\u00e9ster e poliamida<\/p>\n<p><b>Tamanho<\/b><br \/>\n40x40cm<\/p>\n<p><b>Gramatura<\/b><br \/>\n350gsm<\/p>\n","protected":false},"excerpt":{"rendered":"<p>LIMPEZA<\/p>\n","protected":false},"featured_media":717,"comment_status":"open","ping_status":"closed","template":"","meta":[],"product_brand":[27],"product_cat":[67,37,35],"product_tag":[],"class_list":{"0":"post-716","1":"product","2":"type-product","3":"status-publish","4":"has-post-thumbnail","6":"product_brand-vonixx","7":"product_cat-limpeza","8":"product_cat-limpeza-externa-auto","9":"product_cat-limpeza-interna-auto","11":"first","12":"instock","13":"taxable","14":"shipping-taxable","15":"purchasable","16":"product-type-simple"},"_links":{"self":[{"href":"https:\/\/danieldasbaterias.com\/index.php?rest_route=\/wp\/v2\/product\/716","targetHints":{"allow":["GET"]}}],"collection":[{"href":"https:\/\/danieldasbaterias.com\/index.php?rest_route=\/wp\/v2\/product"}],"about":[{"href":"https:\/\/danieldasbaterias.com\/index.php?rest_route=\/wp\/v2\/types\/product"}],"replies":[{"embeddable":true,"href":"https:\/\/danieldasbaterias.com\/index.php?rest_route=%2Fwp%2Fv2%2Fcomments&post=716"}],"wp:featuredmedia":[{"embeddable":true,"href":"https:\/\/danieldasbaterias.com\/index.php?rest_route=\/wp\/v2\/media\/717"}],"wp:attachment":[{"href":"https:\/\/danieldasbaterias.com\/index.php?rest_route=%2Fwp%2Fv2%2Fmedia&parent=716"}],"wp:term":[{"taxonomy":"product_brand","embeddable":true,"href":"https:\/\/danieldasbaterias.com\/index.php?rest_route=%2Fwp%2Fv2%2Fproduct_brand&post=716"},{"taxonomy":"product_cat","embeddable":true,"href":"https:\/\/danieldasbaterias.com\/index.php?rest_route=%2Fwp%2Fv2%2Fproduct_cat&post=716"},{"taxonomy":"product_tag","embeddable":true,"href":"https:\/\/danieldasbaterias.com\/index.php?rest_route=%2Fwp%2Fv2%2Fproduct_tag&post=716"}],"curies":[{"name":"wp","href":"https:\/\/api.w.org\/{rel}","templated":true}]}}