{"id":718,"date":"2025-08-08T15:46:49","date_gmt":"2025-08-08T18:46:49","guid":{"rendered":"https:\/\/danieldasbaterias.com\/?post_type=product&#038;p=718"},"modified":"2025-08-20T11:13:36","modified_gmt":"2025-08-20T14:13:36","slug":"v-eco-fast","status":"publish","type":"product","link":"https:\/\/danieldasbaterias.com\/?product=v-eco-fast","title":{"rendered":"Lava \u00e0 Seco Vonixx V-Eco Fast &#8211; 500ml"},"content":{"rendered":"<p>V-ECO FAST \u00e9 um produto para lavagem ecol\u00f3gica de ve\u00edculos, biodegrad\u00e1vel e ecologicamente correto. Cont\u00e9m em sua composi\u00e7\u00e3o tensoativos, solventes ecol\u00f3gicos e cera de carna\u00faba que atuam junos para uma limpeza mais eficaz e com menor chance de risco na pintura. V-Eco promove brilho e leve prote\u00e7\u00e3o.<\/p>\n<p><b>pH<\/b><br \/>\nNeutro<\/p>\n<p><b>Dilui\u00e7\u00e3o<\/b><br \/>\nPronto uso<\/p>\n<p><b>Uso recomendado<\/b><br \/>\nPintura, motor, vidros, far\u00f3is, pneus e pl\u00e1sticos<\/p>\n<p><b>Informa\u00e7\u00f5es adicionais<\/b><br \/>\nN\u00e3o aplicar em superf\u00edcies de couro<br \/>\nN\u00e3o usar sob o sol ou em superf\u00edcies aquecidas<\/p>\n<p><b>Precau\u00e7\u00f5es<\/b><br \/>\nCuidado! Perigosa sua ingest\u00e3o. Evite contato prolongado com a pele. Lavar as m\u00e3os ap\u00f3s o uso, Conserve fora do alcance das crian\u00e7as e animais dom\u00e9sticos.<\/p>\n<p>-Cont\u00e9m cera de carna\u00faba<br \/>\n-Limpa sem agredir<\/p>\n<p><b>Modo de usar<\/b><br \/>\n1. Pulverizar em \u00e1rea n\u00e3o superior \u00e0 60cm x 60cm<br \/>\n2. Remover a sujeira com a toalha ou pano de microfibra, realizando movimentos laterais<br \/>\n3. Reaplique o produto na mesma superf\u00edcie em quantidade menor e realize o acabamento final, com aux\u00edlio de microfibra limpa e seca at\u00e9 obter o resultado desejado.<br \/>\n<b>Observa\u00e7\u00e3o:<\/b>\u00a0Em caso de manchas, repetir a opera\u00e7\u00e3o<\/p>\n","protected":false},"excerpt":{"rendered":"<p>LAVAGEM<\/p>\n","protected":false},"featured_media":719,"comment_status":"open","ping_status":"closed","template":"","meta":[],"product_brand":[27],"product_cat":[67,37],"product_tag":[],"class_list":{"0":"post-718","1":"product","2":"type-product","3":"status-publish","4":"has-post-thumbnail","6":"product_brand-vonixx","7":"product_cat-limpeza","8":"product_cat-limpeza-externa-auto","10":"first","11":"instock","12":"taxable","13":"shipping-taxable","14":"purchasable","15":"product-type-simple"},"_links":{"self":[{"href":"https:\/\/danieldasbaterias.com\/index.php?rest_route=\/wp\/v2\/product\/718","targetHints":{"allow":["GET"]}}],"collection":[{"href":"https:\/\/danieldasbaterias.com\/index.php?rest_route=\/wp\/v2\/product"}],"about":[{"href":"https:\/\/danieldasbaterias.com\/index.php?rest_route=\/wp\/v2\/types\/product"}],"replies":[{"embeddable":true,"href":"https:\/\/danieldasbaterias.com\/index.php?rest_route=%2Fwp%2Fv2%2Fcomments&post=718"}],"wp:featuredmedia":[{"embeddable":true,"href":"https:\/\/danieldasbaterias.com\/index.php?rest_route=\/wp\/v2\/media\/719"}],"wp:attachment":[{"href":"https:\/\/danieldasbaterias.com\/index.php?rest_route=%2Fwp%2Fv2%2Fmedia&parent=718"}],"wp:term":[{"taxonomy":"product_brand","embeddable":true,"href":"https:\/\/danieldasbaterias.com\/index.php?rest_route=%2Fwp%2Fv2%2Fproduct_brand&post=718"},{"taxonomy":"product_cat","embeddable":true,"href":"https:\/\/danieldasbaterias.com\/index.php?rest_route=%2Fwp%2Fv2%2Fproduct_cat&post=718"},{"taxonomy":"product_tag","embeddable":true,"href":"https:\/\/danieldasbaterias.com\/index.php?rest_route=%2Fwp%2Fv2%2Fproduct_tag&post=718"}],"curies":[{"name":"wp","href":"https:\/\/api.w.org\/{rel}","templated":true}]}}