{"id":747,"date":"2026-01-28T15:29:18","date_gmt":"2026-01-28T18:29:18","guid":{"rendered":"https:\/\/danieldasbaterias.com\/?post_type=product&#038;p=747"},"modified":"2026-01-28T15:58:22","modified_gmt":"2026-01-28T18:58:22","slug":"bateria-onbat-150ah","status":"publish","type":"product","link":"https:\/\/danieldasbaterias.com\/?product=bateria-onbat-150ah","title":{"rendered":"BATERIA ONBAT 150AH"},"content":{"rendered":"<p>Bateria Automotiva onbat 150AH\u00a0 &#8211; CCA 900 &#8211; Livre manuten\u00e7\u00e3o &#8211; 12 meses de garantia de f\u00e1brica.<\/p>\n<p>Venda condicionada a devolu\u00e7\u00e3o da sucata do mesmo ampere (ah).<\/p>\n","protected":false},"excerpt":{"rendered":"<p>Bateria Automotiva onbat 150AH\u00a0 &#8211; CCA 900 &#8211; Livre manuten\u00e7\u00e3o &#8211; 12 meses de garantia de f\u00e1brica. Venda condicionada a devolu\u00e7\u00e3o da sucata do mesmo ampere (ah).<\/p>\n","protected":false},"featured_media":748,"comment_status":"open","ping_status":"closed","template":"","meta":[],"product_brand":[18],"product_cat":[50],"product_tag":[],"class_list":{"0":"post-747","1":"product","2":"type-product","3":"status-publish","4":"has-post-thumbnail","6":"product_brand-moura","7":"product_cat-bateria-150ah","9":"first","10":"instock","11":"taxable","12":"shipping-taxable","13":"purchasable","14":"product-type-simple"},"_links":{"self":[{"href":"https:\/\/danieldasbaterias.com\/index.php?rest_route=\/wp\/v2\/product\/747","targetHints":{"allow":["GET"]}}],"collection":[{"href":"https:\/\/danieldasbaterias.com\/index.php?rest_route=\/wp\/v2\/product"}],"about":[{"href":"https:\/\/danieldasbaterias.com\/index.php?rest_route=\/wp\/v2\/types\/product"}],"replies":[{"embeddable":true,"href":"https:\/\/danieldasbaterias.com\/index.php?rest_route=%2Fwp%2Fv2%2Fcomments&post=747"}],"wp:featuredmedia":[{"embeddable":true,"href":"https:\/\/danieldasbaterias.com\/index.php?rest_route=\/wp\/v2\/media\/748"}],"wp:attachment":[{"href":"https:\/\/danieldasbaterias.com\/index.php?rest_route=%2Fwp%2Fv2%2Fmedia&parent=747"}],"wp:term":[{"taxonomy":"product_brand","embeddable":true,"href":"https:\/\/danieldasbaterias.com\/index.php?rest_route=%2Fwp%2Fv2%2Fproduct_brand&post=747"},{"taxonomy":"product_cat","embeddable":true,"href":"https:\/\/danieldasbaterias.com\/index.php?rest_route=%2Fwp%2Fv2%2Fproduct_cat&post=747"},{"taxonomy":"product_tag","embeddable":true,"href":"https:\/\/danieldasbaterias.com\/index.php?rest_route=%2Fwp%2Fv2%2Fproduct_tag&post=747"}],"curies":[{"name":"wp","href":"https:\/\/api.w.org\/{rel}","templated":true}]}}