{"id":752,"date":"2026-01-28T16:23:22","date_gmt":"2026-01-28T19:23:22","guid":{"rendered":"https:\/\/danieldasbaterias.com\/?post_type=product&#038;p=752"},"modified":"2026-01-28T16:24:48","modified_gmt":"2026-01-28T19:24:48","slug":"bateria-onbat-100ah","status":"publish","type":"product","link":"https:\/\/danieldasbaterias.com\/?product=bateria-onbat-100ah","title":{"rendered":"BATERIA ONBAT 100AH"},"content":{"rendered":"<p>Bateria Automotiva Onbat 100ah- CCA 700 &#8211; Livre manuten\u00e7\u00e3o &#8211; 12 meses de garantia de fabrica.<\/p>\n<p>Venda condicionada a devolu\u00e7\u00e3o da sucata do mesmo ampere (ah).<\/p>\n","protected":false},"excerpt":{"rendered":"<p>Bateria Automotiva Onbat 100ah- CCA 700 &#8211; Livre manuten\u00e7\u00e3o &#8211; 12 meses de garantia de fabrica. Venda condicionada a devolu\u00e7\u00e3o da sucata do mesmo ampere (ah).<\/p>\n","protected":false},"featured_media":750,"comment_status":"open","ping_status":"closed","template":"","meta":[],"product_brand":[68],"product_cat":[48],"product_tag":[],"class_list":{"0":"post-752","1":"product","2":"type-product","3":"status-publish","4":"has-post-thumbnail","6":"product_brand-onbat","7":"product_cat-bateria-100ah","9":"first","10":"instock","11":"taxable","12":"shipping-taxable","13":"purchasable","14":"product-type-simple"},"_links":{"self":[{"href":"https:\/\/danieldasbaterias.com\/index.php?rest_route=\/wp\/v2\/product\/752","targetHints":{"allow":["GET"]}}],"collection":[{"href":"https:\/\/danieldasbaterias.com\/index.php?rest_route=\/wp\/v2\/product"}],"about":[{"href":"https:\/\/danieldasbaterias.com\/index.php?rest_route=\/wp\/v2\/types\/product"}],"replies":[{"embeddable":true,"href":"https:\/\/danieldasbaterias.com\/index.php?rest_route=%2Fwp%2Fv2%2Fcomments&post=752"}],"wp:featuredmedia":[{"embeddable":true,"href":"https:\/\/danieldasbaterias.com\/index.php?rest_route=\/wp\/v2\/media\/750"}],"wp:attachment":[{"href":"https:\/\/danieldasbaterias.com\/index.php?rest_route=%2Fwp%2Fv2%2Fmedia&parent=752"}],"wp:term":[{"taxonomy":"product_brand","embeddable":true,"href":"https:\/\/danieldasbaterias.com\/index.php?rest_route=%2Fwp%2Fv2%2Fproduct_brand&post=752"},{"taxonomy":"product_cat","embeddable":true,"href":"https:\/\/danieldasbaterias.com\/index.php?rest_route=%2Fwp%2Fv2%2Fproduct_cat&post=752"},{"taxonomy":"product_tag","embeddable":true,"href":"https:\/\/danieldasbaterias.com\/index.php?rest_route=%2Fwp%2Fv2%2Fproduct_tag&post=752"}],"curies":[{"name":"wp","href":"https:\/\/api.w.org\/{rel}","templated":true}]}}